{"id":202,"date":"2023-12-05T20:33:10","date_gmt":"2023-12-05T19:33:10","guid":{"rendered":"https:\/\/wordpro.eu\/pl\/?page_id=202"},"modified":"2023-12-05T21:20:46","modified_gmt":"2023-12-05T20:20:46","slug":"referencje","status":"publish","type":"page","link":"https:\/\/wordpro.eu\/pl\/referencje\/","title":{"rendered":"Referencje"},"content":{"rendered":"\n<figure class=\"wp-block-gallery has-nested-images columns-2 wp-block-gallery-1 is-layout-flex wp-block-gallery-is-layout-flex\">\n<figure data-wp-context=\"{&quot;imageId&quot;:&quot;69f2a3b5d011f&quot;}\" data-wp-interactive=\"core\/image\" data-wp-key=\"69f2a3b5d011f\" class=\"wp-block-image size-full is-style-editorskit-shadow wp-lightbox-container\"><img loading=\"lazy\" decoding=\"async\" width=\"1810\" height=\"2560\" data-wp-class--hide=\"state.isContentHidden\" data-wp-class--show=\"state.isContentVisible\" data-wp-init=\"callbacks.setButtonStyles\" data-wp-on--click=\"actions.showLightbox\" data-wp-on--load=\"callbacks.setButtonStyles\" data-wp-on-window--resize=\"callbacks.setButtonStyles\" data-id=\"208\" src=\"https:\/\/wordpro.eu\/pl\/wp-content\/uploads\/2023\/12\/Scan10006-scaled.jpg\" alt=\"\" class=\"wp-image-208\" srcset=\"https:\/\/wordpro.eu\/pl\/wp-content\/uploads\/2023\/12\/Scan10006-scaled.jpg 1810w, https:\/\/wordpro.eu\/pl\/wp-content\/uploads\/2023\/12\/Scan10006-212x300.jpg 212w, https:\/\/wordpro.eu\/pl\/wp-content\/uploads\/2023\/12\/Scan10006-724x1024.jpg 724w, https:\/\/wordpro.eu\/pl\/wp-content\/uploads\/2023\/12\/Scan10006-768x1086.jpg 768w, https:\/\/wordpro.eu\/pl\/wp-content\/uploads\/2023\/12\/Scan10006-1086x1536.jpg 1086w, https:\/\/wordpro.eu\/pl\/wp-content\/uploads\/2023\/12\/Scan10006-1448x2048.jpg 1448w, https:\/\/wordpro.eu\/pl\/wp-content\/uploads\/2023\/12\/Scan10006-2000x2829.jpg 2000w\" sizes=\"auto, (max-width: 1810px) 100vw, 1810px\" \/><button\n\t\t\tclass=\"lightbox-trigger\"\n\t\t\ttype=\"button\"\n\t\t\taria-haspopup=\"dialog\"\n\t\t\taria-label=\"Powi\u0119ksz\"\n\t\t\tdata-wp-init=\"callbacks.initTriggerButton\"\n\t\t\tdata-wp-on--click=\"actions.showLightbox\"\n\t\t\tdata-wp-style--right=\"state.imageButtonRight\"\n\t\t\tdata-wp-style--top=\"state.imageButtonTop\"\n\t\t>\n\t\t\t<svg xmlns=\"http:\/\/www.w3.org\/2000\/svg\" width=\"12\" height=\"12\" fill=\"none\" viewBox=\"0 0 12 12\">\n\t\t\t\t<path fill=\"#fff\" d=\"M2 0a2 2 0 0 0-2 2v2h1.5V2a.5.5 0 0 1 .5-.5h2V0H2Zm2 10.5H2a.5.5 0 0 1-.5-.5V8H0v2a2 2 0 0 0 2 2h2v-1.5ZM8 12v-1.5h2a.5.5 0 0 0 .5-.5V8H12v2a2 2 0 0 1-2 2H8Zm2-12a2 2 0 0 1 2 2v2h-1.5V2a.5.5 0 0 0-.5-.5H8V0h2Z\" \/>\n\t\t\t<\/svg>\n\t\t<\/button><figcaption class=\"wp-element-caption\">Lorenz<\/figcaption><\/figure>\n\n\n\n<figure data-wp-context=\"{&quot;imageId&quot;:&quot;69f2a3b5d05aa&quot;}\" data-wp-interactive=\"core\/image\" data-wp-key=\"69f2a3b5d05aa\" class=\"wp-block-image size-full wp-lightbox-container\"><img loading=\"lazy\" decoding=\"async\" width=\"1810\" height=\"2560\" data-wp-class--hide=\"state.isContentHidden\" data-wp-class--show=\"state.isContentVisible\" data-wp-init=\"callbacks.setButtonStyles\" data-wp-on--click=\"actions.showLightbox\" data-wp-on--load=\"callbacks.setButtonStyles\" data-wp-on-window--resize=\"callbacks.setButtonStyles\" data-id=\"213\" src=\"https:\/\/wordpro.eu\/pl\/wp-content\/uploads\/2023\/12\/Scan10011-scaled.jpg\" alt=\"\" class=\"wp-image-213\" srcset=\"https:\/\/wordpro.eu\/pl\/wp-content\/uploads\/2023\/12\/Scan10011-scaled.jpg 1810w, https:\/\/wordpro.eu\/pl\/wp-content\/uploads\/2023\/12\/Scan10011-212x300.jpg 212w, https:\/\/wordpro.eu\/pl\/wp-content\/uploads\/2023\/12\/Scan10011-724x1024.jpg 724w, https:\/\/wordpro.eu\/pl\/wp-content\/uploads\/2023\/12\/Scan10011-768x1086.jpg 768w, https:\/\/wordpro.eu\/pl\/wp-content\/uploads\/2023\/12\/Scan10011-1086x1536.jpg 1086w, https:\/\/wordpro.eu\/pl\/wp-content\/uploads\/2023\/12\/Scan10011-1448x2048.jpg 1448w, https:\/\/wordpro.eu\/pl\/wp-content\/uploads\/2023\/12\/Scan10011-2000x2829.jpg 2000w\" sizes=\"auto, (max-width: 1810px) 100vw, 1810px\" \/><button\n\t\t\tclass=\"lightbox-trigger\"\n\t\t\ttype=\"button\"\n\t\t\taria-haspopup=\"dialog\"\n\t\t\taria-label=\"Powi\u0119ksz\"\n\t\t\tdata-wp-init=\"callbacks.initTriggerButton\"\n\t\t\tdata-wp-on--click=\"actions.showLightbox\"\n\t\t\tdata-wp-style--right=\"state.imageButtonRight\"\n\t\t\tdata-wp-style--top=\"state.imageButtonTop\"\n\t\t>\n\t\t\t<svg xmlns=\"http:\/\/www.w3.org\/2000\/svg\" width=\"12\" height=\"12\" fill=\"none\" viewBox=\"0 0 12 12\">\n\t\t\t\t<path fill=\"#fff\" d=\"M2 0a2 2 0 0 0-2 2v2h1.5V2a.5.5 0 0 1 .5-.5h2V0H2Zm2 10.5H2a.5.5 0 0 1-.5-.5V8H0v2a2 2 0 0 0 2 2h2v-1.5ZM8 12v-1.5h2a.5.5 0 0 0 .5-.5V8H12v2a2 2 0 0 1-2 2H8Zm2-12a2 2 0 0 1 2 2v2h-1.5V2a.5.5 0 0 0-.5-.5H8V0h2Z\" \/>\n\t\t\t<\/svg>\n\t\t<\/button><figcaption class=\"wp-element-caption\">LMU Klinikum<\/figcaption><\/figure>\n\n\n\n<figure data-wp-context=\"{&quot;imageId&quot;:&quot;69f2a3b5d09f7&quot;}\" data-wp-interactive=\"core\/image\" data-wp-key=\"69f2a3b5d09f7\" class=\"wp-block-image size-full wp-lightbox-container\"><img loading=\"lazy\" decoding=\"async\" width=\"1810\" height=\"2560\" data-wp-class--hide=\"state.isContentHidden\" data-wp-class--show=\"state.isContentVisible\" data-wp-init=\"callbacks.setButtonStyles\" data-wp-on--click=\"actions.showLightbox\" data-wp-on--load=\"callbacks.setButtonStyles\" data-wp-on-window--resize=\"callbacks.setButtonStyles\" data-id=\"212\" src=\"https:\/\/wordpro.eu\/pl\/wp-content\/uploads\/2023\/12\/Scan10010-scaled.jpg\" alt=\"\" class=\"wp-image-212\" srcset=\"https:\/\/wordpro.eu\/pl\/wp-content\/uploads\/2023\/12\/Scan10010-scaled.jpg 1810w, https:\/\/wordpro.eu\/pl\/wp-content\/uploads\/2023\/12\/Scan10010-212x300.jpg 212w, https:\/\/wordpro.eu\/pl\/wp-content\/uploads\/2023\/12\/Scan10010-724x1024.jpg 724w, https:\/\/wordpro.eu\/pl\/wp-content\/uploads\/2023\/12\/Scan10010-768x1086.jpg 768w, https:\/\/wordpro.eu\/pl\/wp-content\/uploads\/2023\/12\/Scan10010-1086x1536.jpg 1086w, https:\/\/wordpro.eu\/pl\/wp-content\/uploads\/2023\/12\/Scan10010-1448x2048.jpg 1448w, https:\/\/wordpro.eu\/pl\/wp-content\/uploads\/2023\/12\/Scan10010-2000x2829.jpg 2000w\" sizes=\"auto, (max-width: 1810px) 100vw, 1810px\" \/><button\n\t\t\tclass=\"lightbox-trigger\"\n\t\t\ttype=\"button\"\n\t\t\taria-haspopup=\"dialog\"\n\t\t\taria-label=\"Powi\u0119ksz\"\n\t\t\tdata-wp-init=\"callbacks.initTriggerButton\"\n\t\t\tdata-wp-on--click=\"actions.showLightbox\"\n\t\t\tdata-wp-style--right=\"state.imageButtonRight\"\n\t\t\tdata-wp-style--top=\"state.imageButtonTop\"\n\t\t>\n\t\t\t<svg xmlns=\"http:\/\/www.w3.org\/2000\/svg\" width=\"12\" height=\"12\" fill=\"none\" viewBox=\"0 0 12 12\">\n\t\t\t\t<path fill=\"#fff\" d=\"M2 0a2 2 0 0 0-2 2v2h1.5V2a.5.5 0 0 1 .5-.5h2V0H2Zm2 10.5H2a.5.5 0 0 1-.5-.5V8H0v2a2 2 0 0 0 2 2h2v-1.5ZM8 12v-1.5h2a.5.5 0 0 0 .5-.5V8H12v2a2 2 0 0 1-2 2H8Zm2-12a2 2 0 0 1 2 2v2h-1.5V2a.5.5 0 0 0-.5-.5H8V0h2Z\" \/>\n\t\t\t<\/svg>\n\t\t<\/button><figcaption class=\"wp-element-caption\">Cie\u015blak&amp;Nowak<\/figcaption><\/figure>\n\n\n\n<figure data-wp-context=\"{&quot;imageId&quot;:&quot;69f2a3b5d0dd2&quot;}\" data-wp-interactive=\"core\/image\" data-wp-key=\"69f2a3b5d0dd2\" class=\"wp-block-image size-full wp-lightbox-container\"><img loading=\"lazy\" decoding=\"async\" width=\"1810\" height=\"2560\" data-wp-class--hide=\"state.isContentHidden\" data-wp-class--show=\"state.isContentVisible\" data-wp-init=\"callbacks.setButtonStyles\" data-wp-on--click=\"actions.showLightbox\" data-wp-on--load=\"callbacks.setButtonStyles\" data-wp-on-window--resize=\"callbacks.setButtonStyles\" data-id=\"209\" src=\"https:\/\/wordpro.eu\/pl\/wp-content\/uploads\/2023\/12\/Scan10007-scaled.jpg\" alt=\"\" class=\"wp-image-209\" srcset=\"https:\/\/wordpro.eu\/pl\/wp-content\/uploads\/2023\/12\/Scan10007-scaled.jpg 1810w, https:\/\/wordpro.eu\/pl\/wp-content\/uploads\/2023\/12\/Scan10007-212x300.jpg 212w, https:\/\/wordpro.eu\/pl\/wp-content\/uploads\/2023\/12\/Scan10007-724x1024.jpg 724w, https:\/\/wordpro.eu\/pl\/wp-content\/uploads\/2023\/12\/Scan10007-768x1086.jpg 768w, https:\/\/wordpro.eu\/pl\/wp-content\/uploads\/2023\/12\/Scan10007-1086x1536.jpg 1086w, https:\/\/wordpro.eu\/pl\/wp-content\/uploads\/2023\/12\/Scan10007-1448x2048.jpg 1448w, https:\/\/wordpro.eu\/pl\/wp-content\/uploads\/2023\/12\/Scan10007-2000x2829.jpg 2000w\" sizes=\"auto, (max-width: 1810px) 100vw, 1810px\" \/><button\n\t\t\tclass=\"lightbox-trigger\"\n\t\t\ttype=\"button\"\n\t\t\taria-haspopup=\"dialog\"\n\t\t\taria-label=\"Powi\u0119ksz\"\n\t\t\tdata-wp-init=\"callbacks.initTriggerButton\"\n\t\t\tdata-wp-on--click=\"actions.showLightbox\"\n\t\t\tdata-wp-style--right=\"state.imageButtonRight\"\n\t\t\tdata-wp-style--top=\"state.imageButtonTop\"\n\t\t>\n\t\t\t<svg xmlns=\"http:\/\/www.w3.org\/2000\/svg\" width=\"12\" height=\"12\" fill=\"none\" viewBox=\"0 0 12 12\">\n\t\t\t\t<path fill=\"#fff\" d=\"M2 0a2 2 0 0 0-2 2v2h1.5V2a.5.5 0 0 1 .5-.5h2V0H2Zm2 10.5H2a.5.5 0 0 1-.5-.5V8H0v2a2 2 0 0 0 2 2h2v-1.5ZM8 12v-1.5h2a.5.5 0 0 0 .5-.5V8H12v2a2 2 0 0 1-2 2H8Zm2-12a2 2 0 0 1 2 2v2h-1.5V2a.5.5 0 0 0-.5-.5H8V0h2Z\" \/>\n\t\t\t<\/svg>\n\t\t<\/button><figcaption class=\"wp-element-caption\">entra<\/figcaption><\/figure>\n\n\n\n<figure data-wp-context=\"{&quot;imageId&quot;:&quot;69f2a3b5d11bb&quot;}\" data-wp-interactive=\"core\/image\" data-wp-key=\"69f2a3b5d11bb\" class=\"wp-block-image size-full wp-lightbox-container\"><img loading=\"lazy\" decoding=\"async\" width=\"1618\" height=\"2288\" data-wp-class--hide=\"state.isContentHidden\" data-wp-class--show=\"state.isContentVisible\" data-wp-init=\"callbacks.setButtonStyles\" data-wp-on--click=\"actions.showLightbox\" data-wp-on--load=\"callbacks.setButtonStyles\" data-wp-on-window--resize=\"callbacks.setButtonStyles\" data-id=\"229\" src=\"https:\/\/wordpro.eu\/pl\/wp-content\/uploads\/2023\/12\/Referencje_Orlen_00001.jpg\" alt=\"\" class=\"wp-image-229\" srcset=\"https:\/\/wordpro.eu\/pl\/wp-content\/uploads\/2023\/12\/Referencje_Orlen_00001.jpg 1618w, https:\/\/wordpro.eu\/pl\/wp-content\/uploads\/2023\/12\/Referencje_Orlen_00001-212x300.jpg 212w, https:\/\/wordpro.eu\/pl\/wp-content\/uploads\/2023\/12\/Referencje_Orlen_00001-724x1024.jpg 724w, https:\/\/wordpro.eu\/pl\/wp-content\/uploads\/2023\/12\/Referencje_Orlen_00001-768x1086.jpg 768w, https:\/\/wordpro.eu\/pl\/wp-content\/uploads\/2023\/12\/Referencje_Orlen_00001-1086x1536.jpg 1086w, https:\/\/wordpro.eu\/pl\/wp-content\/uploads\/2023\/12\/Referencje_Orlen_00001-1448x2048.jpg 1448w\" sizes=\"auto, (max-width: 1618px) 100vw, 1618px\" \/><button\n\t\t\tclass=\"lightbox-trigger\"\n\t\t\ttype=\"button\"\n\t\t\taria-haspopup=\"dialog\"\n\t\t\taria-label=\"Powi\u0119ksz\"\n\t\t\tdata-wp-init=\"callbacks.initTriggerButton\"\n\t\t\tdata-wp-on--click=\"actions.showLightbox\"\n\t\t\tdata-wp-style--right=\"state.imageButtonRight\"\n\t\t\tdata-wp-style--top=\"state.imageButtonTop\"\n\t\t>\n\t\t\t<svg xmlns=\"http:\/\/www.w3.org\/2000\/svg\" width=\"12\" height=\"12\" fill=\"none\" viewBox=\"0 0 12 12\">\n\t\t\t\t<path fill=\"#fff\" d=\"M2 0a2 2 0 0 0-2 2v2h1.5V2a.5.5 0 0 1 .5-.5h2V0H2Zm2 10.5H2a.5.5 0 0 1-.5-.5V8H0v2a2 2 0 0 0 2 2h2v-1.5ZM8 12v-1.5h2a.5.5 0 0 0 .5-.5V8H12v2a2 2 0 0 1-2 2H8Zm2-12a2 2 0 0 1 2 2v2h-1.5V2a.5.5 0 0 0-.5-.5H8V0h2Z\" \/>\n\t\t\t<\/svg>\n\t\t<\/button><figcaption class=\"wp-element-caption\">PST<\/figcaption><\/figure>\n\n\n\n<figure data-wp-context=\"{&quot;imageId&quot;:&quot;69f2a3b5d15a3&quot;}\" data-wp-interactive=\"core\/image\" data-wp-key=\"69f2a3b5d15a3\" class=\"wp-block-image size-full wp-lightbox-container\"><img loading=\"lazy\" decoding=\"async\" width=\"1622\" height=\"2288\" data-wp-class--hide=\"state.isContentHidden\" data-wp-class--show=\"state.isContentVisible\" data-wp-init=\"callbacks.setButtonStyles\" data-wp-on--click=\"actions.showLightbox\" data-wp-on--load=\"callbacks.setButtonStyles\" data-wp-on-window--resize=\"callbacks.setButtonStyles\" data-id=\"230\" src=\"https:\/\/wordpro.eu\/pl\/wp-content\/uploads\/2023\/12\/Referencje_Orlen_00002.jpg\" alt=\"\" class=\"wp-image-230\" srcset=\"https:\/\/wordpro.eu\/pl\/wp-content\/uploads\/2023\/12\/Referencje_Orlen_00002.jpg 1622w, https:\/\/wordpro.eu\/pl\/wp-content\/uploads\/2023\/12\/Referencje_Orlen_00002-213x300.jpg 213w, https:\/\/wordpro.eu\/pl\/wp-content\/uploads\/2023\/12\/Referencje_Orlen_00002-726x1024.jpg 726w, https:\/\/wordpro.eu\/pl\/wp-content\/uploads\/2023\/12\/Referencje_Orlen_00002-768x1083.jpg 768w, https:\/\/wordpro.eu\/pl\/wp-content\/uploads\/2023\/12\/Referencje_Orlen_00002-1089x1536.jpg 1089w, https:\/\/wordpro.eu\/pl\/wp-content\/uploads\/2023\/12\/Referencje_Orlen_00002-1452x2048.jpg 1452w\" sizes=\"auto, (max-width: 1622px) 100vw, 1622px\" \/><button\n\t\t\tclass=\"lightbox-trigger\"\n\t\t\ttype=\"button\"\n\t\t\taria-haspopup=\"dialog\"\n\t\t\taria-label=\"Powi\u0119ksz\"\n\t\t\tdata-wp-init=\"callbacks.initTriggerButton\"\n\t\t\tdata-wp-on--click=\"actions.showLightbox\"\n\t\t\tdata-wp-style--right=\"state.imageButtonRight\"\n\t\t\tdata-wp-style--top=\"state.imageButtonTop\"\n\t\t>\n\t\t\t<svg xmlns=\"http:\/\/www.w3.org\/2000\/svg\" width=\"12\" height=\"12\" fill=\"none\" viewBox=\"0 0 12 12\">\n\t\t\t\t<path fill=\"#fff\" d=\"M2 0a2 2 0 0 0-2 2v2h1.5V2a.5.5 0 0 1 .5-.5h2V0H2Zm2 10.5H2a.5.5 0 0 1-.5-.5V8H0v2a2 2 0 0 0 2 2h2v-1.5ZM8 12v-1.5h2a.5.5 0 0 0 .5-.5V8H12v2a2 2 0 0 1-2 2H8Zm2-12a2 2 0 0 1 2 2v2h-1.5V2a.5.5 0 0 0-.5-.5H8V0h2Z\" \/>\n\t\t\t<\/svg>\n\t\t<\/button><figcaption class=\"wp-element-caption\">PST<\/figcaption><\/figure>\n<\/figure>\n\n\n\n<hr class=\"wp-block-separator has-alpha-channel-opacity\"\/>\n","protected":false},"excerpt":{"rendered":"","protected":false},"author":1,"featured_media":232,"parent":0,"menu_order":0,"comment_status":"closed","ping_status":"closed","template":"","meta":{"_editorskit_title_hidden":false,"_editorskit_reading_time":0,"_editorskit_is_block_options_detached":false,"_editorskit_block_options_position":"{}","footnotes":""},"class_list":["post-202","page","type-page","status-publish","has-post-thumbnail","hentry"],"yoast_head":"<!-- This site is optimized with the Yoast SEO plugin v23.3 - https:\/\/yoast.com\/wordpress\/plugins\/seo\/ -->\n<title>Referencje - Wordpro Ewa Bembnista<\/title>\n<meta name=\"robots\" content=\"index, follow, max-snippet:-1, max-image-preview:large, max-video-preview:-1\" \/>\n<link rel=\"canonical\" href=\"https:\/\/wordpro.eu\/pl\/referencje\/\" \/>\n<meta property=\"og:locale\" content=\"pl_PL\" \/>\n<meta property=\"og:type\" content=\"article\" \/>\n<meta property=\"og:title\" content=\"Referencje - Wordpro Ewa Bembnista\" \/>\n<meta property=\"og:url\" content=\"https:\/\/wordpro.eu\/pl\/referencje\/\" \/>\n<meta property=\"og:site_name\" content=\"Wordpro Ewa Bembnista\" \/>\n<meta property=\"article:publisher\" content=\"https:\/\/www.facebook.com\/tlumacz.monachium\" \/>\n<meta property=\"article:modified_time\" content=\"2023-12-05T20:20:46+00:00\" \/>\n<meta property=\"og:image\" content=\"https:\/\/wordpro.eu\/pl\/wp-content\/uploads\/2023\/12\/IMG_20230106_134244.png\" \/>\n\t<meta property=\"og:image:width\" content=\"1024\" \/>\n\t<meta property=\"og:image:height\" content=\"769\" \/>\n\t<meta property=\"og:image:type\" content=\"image\/png\" \/>\n<meta name=\"twitter:card\" content=\"summary_large_image\" \/>\n<script type=\"application\/ld+json\" class=\"yoast-schema-graph\">{\"@context\":\"https:\/\/schema.org\",\"@graph\":[{\"@type\":\"WebPage\",\"@id\":\"https:\/\/wordpro.eu\/pl\/referencje\/\",\"url\":\"https:\/\/wordpro.eu\/pl\/referencje\/\",\"name\":\"Referencje - Wordpro Ewa Bembnista\",\"isPartOf\":{\"@id\":\"https:\/\/wordpro.eu\/pl\/#website\"},\"primaryImageOfPage\":{\"@id\":\"https:\/\/wordpro.eu\/pl\/referencje\/#primaryimage\"},\"image\":{\"@id\":\"https:\/\/wordpro.eu\/pl\/referencje\/#primaryimage\"},\"thumbnailUrl\":\"https:\/\/wordpro.eu\/pl\/wp-content\/uploads\/2023\/12\/IMG_20230106_134244.png\",\"datePublished\":\"2023-12-05T19:33:10+00:00\",\"dateModified\":\"2023-12-05T20:20:46+00:00\",\"breadcrumb\":{\"@id\":\"https:\/\/wordpro.eu\/pl\/referencje\/#breadcrumb\"},\"inLanguage\":\"pl-PL\",\"potentialAction\":[{\"@type\":\"ReadAction\",\"target\":[\"https:\/\/wordpro.eu\/pl\/referencje\/\"]}]},{\"@type\":\"ImageObject\",\"inLanguage\":\"pl-PL\",\"@id\":\"https:\/\/wordpro.eu\/pl\/referencje\/#primaryimage\",\"url\":\"https:\/\/wordpro.eu\/pl\/wp-content\/uploads\/2023\/12\/IMG_20230106_134244.png\",\"contentUrl\":\"https:\/\/wordpro.eu\/pl\/wp-content\/uploads\/2023\/12\/IMG_20230106_134244.png\",\"width\":1024,\"height\":769},{\"@type\":\"BreadcrumbList\",\"@id\":\"https:\/\/wordpro.eu\/pl\/referencje\/#breadcrumb\",\"itemListElement\":[{\"@type\":\"ListItem\",\"position\":1,\"name\":\"Strona g\u0142\u00f3wna\",\"item\":\"https:\/\/wordpro.eu\/pl\/\"},{\"@type\":\"ListItem\",\"position\":2,\"name\":\"Referencje\"}]},{\"@type\":\"WebSite\",\"@id\":\"https:\/\/wordpro.eu\/pl\/#website\",\"url\":\"https:\/\/wordpro.eu\/pl\/\",\"name\":\"Wordpro Ewa Bembnista\",\"description\":\"T\u0142umacz przysi\u0119g\u0142y j\u0119zyka polskiego i niemieckiego w Monachium\",\"publisher\":{\"@id\":\"https:\/\/wordpro.eu\/pl\/#organization\"},\"potentialAction\":[{\"@type\":\"SearchAction\",\"target\":{\"@type\":\"EntryPoint\",\"urlTemplate\":\"https:\/\/wordpro.eu\/pl\/?s={search_term_string}\"},\"query-input\":\"required name=search_term_string\"}],\"inLanguage\":\"pl-PL\"},{\"@type\":\"Organization\",\"@id\":\"https:\/\/wordpro.eu\/pl\/#organization\",\"name\":\"Wordpro Ewa Bembnista\",\"url\":\"https:\/\/wordpro.eu\/pl\/\",\"logo\":{\"@type\":\"ImageObject\",\"inLanguage\":\"pl-PL\",\"@id\":\"https:\/\/wordpro.eu\/pl\/#\/schema\/logo\/image\/\",\"url\":\"https:\/\/wordpro.eu\/pl\/wp-content\/uploads\/2023\/10\/logo.png\",\"contentUrl\":\"https:\/\/wordpro.eu\/pl\/wp-content\/uploads\/2023\/10\/logo.png\",\"width\":66,\"height\":66,\"caption\":\"Wordpro Ewa Bembnista\"},\"image\":{\"@id\":\"https:\/\/wordpro.eu\/pl\/#\/schema\/logo\/image\/\"},\"sameAs\":[\"https:\/\/www.facebook.com\/tlumacz.monachium\"]}]}<\/script>\n<!-- \/ Yoast SEO plugin. -->","yoast_head_json":{"title":"Referencje - Wordpro Ewa Bembnista","robots":{"index":"index","follow":"follow","max-snippet":"max-snippet:-1","max-image-preview":"max-image-preview:large","max-video-preview":"max-video-preview:-1"},"canonical":"https:\/\/wordpro.eu\/pl\/referencje\/","og_locale":"pl_PL","og_type":"article","og_title":"Referencje - Wordpro Ewa Bembnista","og_url":"https:\/\/wordpro.eu\/pl\/referencje\/","og_site_name":"Wordpro Ewa Bembnista","article_publisher":"https:\/\/www.facebook.com\/tlumacz.monachium","article_modified_time":"2023-12-05T20:20:46+00:00","og_image":[{"width":1024,"height":769,"url":"https:\/\/wordpro.eu\/pl\/wp-content\/uploads\/2023\/12\/IMG_20230106_134244.png","type":"image\/png"}],"twitter_card":"summary_large_image","schema":{"@context":"https:\/\/schema.org","@graph":[{"@type":"WebPage","@id":"https:\/\/wordpro.eu\/pl\/referencje\/","url":"https:\/\/wordpro.eu\/pl\/referencje\/","name":"Referencje - Wordpro Ewa Bembnista","isPartOf":{"@id":"https:\/\/wordpro.eu\/pl\/#website"},"primaryImageOfPage":{"@id":"https:\/\/wordpro.eu\/pl\/referencje\/#primaryimage"},"image":{"@id":"https:\/\/wordpro.eu\/pl\/referencje\/#primaryimage"},"thumbnailUrl":"https:\/\/wordpro.eu\/pl\/wp-content\/uploads\/2023\/12\/IMG_20230106_134244.png","datePublished":"2023-12-05T19:33:10+00:00","dateModified":"2023-12-05T20:20:46+00:00","breadcrumb":{"@id":"https:\/\/wordpro.eu\/pl\/referencje\/#breadcrumb"},"inLanguage":"pl-PL","potentialAction":[{"@type":"ReadAction","target":["https:\/\/wordpro.eu\/pl\/referencje\/"]}]},{"@type":"ImageObject","inLanguage":"pl-PL","@id":"https:\/\/wordpro.eu\/pl\/referencje\/#primaryimage","url":"https:\/\/wordpro.eu\/pl\/wp-content\/uploads\/2023\/12\/IMG_20230106_134244.png","contentUrl":"https:\/\/wordpro.eu\/pl\/wp-content\/uploads\/2023\/12\/IMG_20230106_134244.png","width":1024,"height":769},{"@type":"BreadcrumbList","@id":"https:\/\/wordpro.eu\/pl\/referencje\/#breadcrumb","itemListElement":[{"@type":"ListItem","position":1,"name":"Strona g\u0142\u00f3wna","item":"https:\/\/wordpro.eu\/pl\/"},{"@type":"ListItem","position":2,"name":"Referencje"}]},{"@type":"WebSite","@id":"https:\/\/wordpro.eu\/pl\/#website","url":"https:\/\/wordpro.eu\/pl\/","name":"Wordpro Ewa Bembnista","description":"T\u0142umacz przysi\u0119g\u0142y j\u0119zyka polskiego i niemieckiego w Monachium","publisher":{"@id":"https:\/\/wordpro.eu\/pl\/#organization"},"potentialAction":[{"@type":"SearchAction","target":{"@type":"EntryPoint","urlTemplate":"https:\/\/wordpro.eu\/pl\/?s={search_term_string}"},"query-input":"required name=search_term_string"}],"inLanguage":"pl-PL"},{"@type":"Organization","@id":"https:\/\/wordpro.eu\/pl\/#organization","name":"Wordpro Ewa Bembnista","url":"https:\/\/wordpro.eu\/pl\/","logo":{"@type":"ImageObject","inLanguage":"pl-PL","@id":"https:\/\/wordpro.eu\/pl\/#\/schema\/logo\/image\/","url":"https:\/\/wordpro.eu\/pl\/wp-content\/uploads\/2023\/10\/logo.png","contentUrl":"https:\/\/wordpro.eu\/pl\/wp-content\/uploads\/2023\/10\/logo.png","width":66,"height":66,"caption":"Wordpro Ewa Bembnista"},"image":{"@id":"https:\/\/wordpro.eu\/pl\/#\/schema\/logo\/image\/"},"sameAs":["https:\/\/www.facebook.com\/tlumacz.monachium"]}]}},"_links":{"self":[{"href":"https:\/\/wordpro.eu\/pl\/wp-json\/wp\/v2\/pages\/202","targetHints":{"allow":["GET"]}}],"collection":[{"href":"https:\/\/wordpro.eu\/pl\/wp-json\/wp\/v2\/pages"}],"about":[{"href":"https:\/\/wordpro.eu\/pl\/wp-json\/wp\/v2\/types\/page"}],"author":[{"embeddable":true,"href":"https:\/\/wordpro.eu\/pl\/wp-json\/wp\/v2\/users\/1"}],"replies":[{"embeddable":true,"href":"https:\/\/wordpro.eu\/pl\/wp-json\/wp\/v2\/comments?post=202"}],"version-history":[{"count":10,"href":"https:\/\/wordpro.eu\/pl\/wp-json\/wp\/v2\/pages\/202\/revisions"}],"predecessor-version":[{"id":228,"href":"https:\/\/wordpro.eu\/pl\/wp-json\/wp\/v2\/pages\/202\/revisions\/228"}],"wp:featuredmedia":[{"embeddable":true,"href":"https:\/\/wordpro.eu\/pl\/wp-json\/wp\/v2\/media\/232"}],"wp:attachment":[{"href":"https:\/\/wordpro.eu\/pl\/wp-json\/wp\/v2\/media?parent=202"}],"curies":[{"name":"wp","href":"https:\/\/api.w.org\/{rel}","templated":true}]}}