{"id":17,"date":"2023-10-14T14:34:07","date_gmt":"2023-10-14T12:34:07","guid":{"rendered":"https:\/\/wordpress.wordpro.eu\/?page_id=17"},"modified":"2024-09-02T22:41:23","modified_gmt":"2024-09-02T20:41:23","slug":"tlumacz-przysiegly-jezyka-polskiego-i-niemieckiego","status":"publish","type":"page","link":"https:\/\/wordpro.eu\/pl\/","title":{"rendered":"T\u0142umacz przysi\u0119g\u0142y j\u0119zyka polskiego i niemieckiego"},"content":{"rendered":"\n<div style=\"height:55px\" aria-hidden=\"true\" class=\"wp-block-spacer\"><\/div>\n\n\n\n<div class=\"wp-block-group alignfull has-white-background-color has-text-color has-background\" style=\"color:#ed8f13\"><div class=\"wp-block-group__inner-container is-layout-constrained wp-block-group-is-layout-constrained\">\n<div class=\"wp-block-columns is-layout-flex wp-container-core-columns-is-layout-9d6595d7 wp-block-columns-is-layout-flex\">\n<div class=\"wp-block-column is-layout-flow wp-block-column-is-layout-flow\" style=\"flex-basis:50%\">\n<figure class=\"wp-block-gallery has-nested-images columns-default is-cropped wp-block-gallery-1 is-layout-flex wp-block-gallery-is-layout-flex\">\n<figure class=\"wp-block-image size-full\"><img loading=\"lazy\" decoding=\"async\" width=\"1181\" height=\"1772\" data-id=\"48\" src=\"https:\/\/wordpro.eu\/pl\/wp-content\/uploads\/2023\/10\/Ewa.jpg\" alt=\"T\u0142umacz przysi\u0119g\u0142y Ewa Bembnista\" class=\"wp-image-48\"\/><\/figure>\n<\/figure>\n<\/div>\n\n\n\n<div class=\"wp-block-column is-vertically-aligned-center is-layout-flow wp-block-column-is-layout-flow\" style=\"flex-basis:50%\">\n<div class=\"wp-block-group is-vertical is-content-justification-center is-layout-flex wp-container-core-group-is-layout-4b2eccd6 wp-block-group-is-layout-flex\">\n<p class=\"has-text-align-center\" style=\"font-size:27px\">mgr Ewa Bembnista<\/p>\n\n\n\n<p class=\"has-text-align-center\" style=\"font-size:27px\">T\u0142umacz przysi\u0119g\u0142y j\u0119zyka polskiego w Niemczech<\/p>\n\n\n\n<p class=\"has-text-align-center\" style=\"font-size:27px\">T\u0142umacz przysi\u0119g\u0142y j\u0119zyka niemieckiego w Polsce<\/p>\n\n\n\n<p class=\"has-text-align-center\" style=\"font-size:27px\">Profesjonalne t\u0142umaczenie i pomoc w formalno\u015bciach<\/p>\n\n\n\n<p class=\"has-text-align-center\" style=\"font-size:27px\">Us\u0142ugi w Monachium oraz w Niemczech i w Polsce<\/p>\n<\/div>\n<\/div>\n<\/div>\n\n\n\n<div class=\"wp-block-group is-vertical is-content-justification-center is-layout-flex wp-container-core-group-is-layout-4b2eccd6 wp-block-group-is-layout-flex\">\n<h2 class=\"wp-block-heading font-medium text-justified has-black-color has-text-color\">T\u0142umacz przysi\u0119g\u0142y w Niemczech, cz\u0142onek Federalnego Zwi\u0105zku T\u0142umaczy Niemieckich, od roku 2007 wpisana na list\u0119 t\u0142umaczy przysi\u0119g\u0142ych w Polsce.<\/h2>\n\n\n\n<p class=\"has-text-align-left text-justified has-black-color has-text-color\">Od wielu lat pracuj\u0119 zar\u00f3wno dla znanych koncern\u00f3w jak i klient\u00f3w indywidualnych. Moje us\u0142ugi wyr\u00f3\u017cniaj\u0105 si\u0119 wysok\u0105 jako\u015bci\u0105 i zawsze dostarczane s\u0105 na czas. W przypadku wi\u0119kszych projekt\u00f3w oraz takich, kt\u00f3re wymagaj\u0105 fachowej wiedzy, korzystam ze wsparcia sprawdzonych i do\u015bwiadczonych w danej dziedzinie specjalist\u00f3w. Powierzone mi zadania zawsze wype\u0142niam profesjonalnie, na czas i zgodnie z duchem czasu technicznych mo\u017cliwo\u015bci.<\/p>\n\n\n\n<div class=\"wp-block-buttons is-layout-flex wp-block-buttons-is-layout-flex\">\n<div class=\"wp-block-button\"><a class=\"wp-block-button__link wp-element-button\" href=\"https:\/\/wordpro.eu\/pl\/ewa-bembnista\/\">WI\u0119cej<\/a><\/div>\n<\/div>\n<\/div>\n<\/div><\/div>\n\n\n\n<div class=\"wp-block-group alignfull has-background\" style=\"background-color:#e5e9ec\"><div class=\"wp-block-group__inner-container is-layout-constrained wp-block-group-is-layout-constrained\">\n<h2 class=\"wp-block-heading has-text-align-center has-text-color has-link-color has-large-font-size wp-elements-4d96d1cda6eab97e19b9d780fa442167\" style=\"color:#ed8f13\">Us\u0142ugi<\/h2>\n\n\n\n<div class=\"wp-block-cover alignfull is-light has-luminous-vivid-orange-color has-text-color has-link-color wp-elements-5a931d1938e9f1fe9da9b1708b00c33c\" style=\"padding-top:50px;padding-right:50px;padding-bottom:50px;padding-left:50px;min-height:316px;aspect-ratio:unset;\"><span aria-hidden=\"true\" class=\"wp-block-cover__background has-black-background-color has-background-dim-0 has-background-dim\"><\/span><div class=\"wp-block-cover__inner-container is-layout-flow wp-block-cover-is-layout-flow\">\n<div class=\"wp-block-columns is-layout-flex wp-container-core-columns-is-layout-9d6595d7 wp-block-columns-is-layout-flex\">\n<div class=\"wp-block-column is-vertically-aligned-stretch dienstleistung has-background ek-linked-block is-layout-flow wp-block-column-is-layout-flow\" style=\"background-color:#00000099;padding-top:20px;padding-right:0px;padding-bottom:20px;padding-left:0px\">\n<div class=\"wp-block-group is-vertical is-content-justification-center is-layout-flex wp-container-core-group-is-layout-dc8dc9c8 wp-block-group-is-layout-flex\">\n<figure class=\"wp-block-image size-full is-style-default\"><img decoding=\"async\" src=\"https:\/\/wordpro.eu\/pl\/wp-content\/uploads\/2023\/11\/beglaubigteUebersetzungen.png\" alt=\"\" class=\"wp-image-126\"\/><\/figure>\n\n\n\n<div class=\"wp-block-group\"><div class=\"wp-block-group__inner-container is-layout-flow wp-block-group-is-layout-flow\">\n<p class=\"has-text-align-center has-white-color has-text-color has-link-color wp-elements-64510dfd0a76b756929b0d606fb38d17\" style=\"font-size:18px;line-height:1\"><strong>T\u0142umaczenia przysi\u0119g\u0142e<\/strong><\/p>\n<\/div><\/div>\n<\/div>\n<a href=\"https:\/\/wordpro.eu\/pl\/uslugi\/tlumaczenia-przysiegle\/\" class=\"editorskit-block-link\" rel=\"\"><\/a><\/div>\n\n\n\n<div class=\"wp-block-column is-vertically-aligned-stretch dienstleistung has-background ek-linked-block is-layout-flow wp-block-column-is-layout-flow\" style=\"background-color:#00000099;padding-top:20px;padding-right:0px;padding-bottom:20px;padding-left:0px\">\n<div class=\"wp-block-group is-vertical is-content-justification-center is-layout-flex wp-container-core-group-is-layout-dc8dc9c8 wp-block-group-is-layout-flex\">\n<figure class=\"wp-block-image size-full is-style-default\"><img decoding=\"async\" src=\"https:\/\/wordpro.eu\/pl\/wp-content\/uploads\/2023\/11\/rechtswesen.png\" alt=\"\" class=\"wp-image-130\"\/><\/figure>\n\n\n\n<div class=\"wp-block-group\"><div class=\"wp-block-group__inner-container is-layout-flow wp-block-group-is-layout-flow\">\n<p class=\"has-text-align-center has-white-color has-text-color has-link-color wp-elements-f15f827fc3aaa0af2f0c157ed4868507\" style=\"font-size:18px;line-height:1\"><strong>Prawo<\/strong><\/p>\n<\/div><\/div>\n<\/div>\n<a href=\"https:\/\/wordpro.eu\/pl\/uslugi\/prawo\/\" class=\"editorskit-block-link\" rel=\"\"><\/a><\/div>\n\n\n\n<div class=\"wp-block-column is-vertically-aligned-stretch dienstleistung has-background ek-linked-block is-layout-flow wp-block-column-is-layout-flow\" style=\"background-color:#00000099;padding-top:20px;padding-right:0px;padding-bottom:20px;padding-left:0px\">\n<div class=\"wp-block-group is-vertical is-content-justification-center is-layout-flex wp-container-core-group-is-layout-dc8dc9c8 wp-block-group-is-layout-flex\">\n<figure class=\"wp-block-image size-full is-style-default\"><img decoding=\"async\" src=\"https:\/\/wordpro.eu\/pl\/wp-content\/uploads\/2023\/11\/wirtschaft.png\" alt=\"\" class=\"wp-image-131\"\/><\/figure>\n\n\n\n<div class=\"wp-block-group\"><div class=\"wp-block-group__inner-container is-layout-flow wp-block-group-is-layout-flow\">\n<p class=\"has-text-align-center has-white-color has-text-color has-link-color wp-elements-05b90ef46bea9bfe37e626cc1fb29749\" style=\"font-size:18px;line-height:1\"><strong>Finanse i ekonomia<\/strong><\/p>\n<\/div><\/div>\n<\/div>\n<a href=\"https:\/\/wordpro.eu\/pl\/uslugi\/finanse-i-ekonomia\/\" class=\"editorskit-block-link\" rel=\"\"><\/a><\/div>\n<\/div>\n\n\n\n<div class=\"wp-block-columns is-layout-flex wp-container-core-columns-is-layout-9d6595d7 wp-block-columns-is-layout-flex\">\n<div class=\"wp-block-column is-vertically-aligned-stretch dienstleistung has-background ek-linked-block is-layout-flow wp-block-column-is-layout-flow\" style=\"background-color:#00000099;padding-top:20px;padding-right:0px;padding-bottom:20px;padding-left:0px\">\n<div class=\"wp-block-group is-vertical is-content-justification-center is-layout-flex wp-container-core-group-is-layout-dc8dc9c8 wp-block-group-is-layout-flex\">\n<figure class=\"wp-block-image size-full is-style-default\"><img decoding=\"async\" src=\"https:\/\/wordpro.eu\/pl\/wp-content\/uploads\/2023\/11\/lokalisierung.png\" alt=\"\" class=\"wp-image-128\"\/><\/figure>\n\n\n\n<div class=\"wp-block-group\"><div class=\"wp-block-group__inner-container is-layout-flow wp-block-group-is-layout-flow\">\n<p class=\"has-text-align-center has-white-color has-text-color has-link-color wp-elements-646c34b3a24845f0a96272c52628f9f2\" style=\"font-size:18px;line-height:1\"><strong>Lokalizacja oprogramowania<\/strong><\/p>\n<\/div><\/div>\n<\/div>\n<a href=\"https:\/\/wordpro.eu\/pl\/uslugi\/lokalizacja-oprogramowania\/\" class=\"editorskit-block-link\" rel=\"\"><\/a><\/div>\n\n\n\n<div class=\"wp-block-column is-vertically-aligned-stretch dienstleistung has-background ek-linked-block is-layout-flow wp-block-column-is-layout-flow\" style=\"background-color:#00000099;padding-top:20px;padding-right:0px;padding-bottom:20px;padding-left:0px\">\n<div class=\"wp-block-group is-vertical is-content-justification-center is-layout-flex wp-container-core-group-is-layout-dc8dc9c8 wp-block-group-is-layout-flex\">\n<figure class=\"wp-block-image size-full is-style-default\"><img decoding=\"async\" src=\"https:\/\/wordpro.eu\/pl\/wp-content\/uploads\/2023\/11\/medizin.png\" alt=\"\" class=\"wp-image-129\"\/><\/figure>\n\n\n\n<div class=\"wp-block-group\"><div class=\"wp-block-group__inner-container is-layout-flow wp-block-group-is-layout-flow\">\n<p class=\"has-text-align-center has-white-color has-text-color has-link-color wp-elements-81f155fcdc7ed3da2c29038edeb463ab\" style=\"font-size:18px;line-height:1\"><strong>Medycyna<\/strong><\/p>\n<\/div><\/div>\n<\/div>\n<a href=\"https:\/\/wordpro.eu\/pl\/uslugi\/medycyna\/\" class=\"editorskit-block-link\" rel=\"\"><\/a><\/div>\n\n\n\n<div class=\"wp-block-column is-vertically-aligned-stretch dienstleistung has-background ek-linked-block is-layout-flow wp-block-column-is-layout-flow\" style=\"background-color:#00000099;padding-top:20px;padding-right:0px;padding-bottom:20px;padding-left:0px\">\n<div class=\"wp-block-group is-vertical is-content-justification-center is-layout-flex wp-container-core-group-is-layout-dc8dc9c8 wp-block-group-is-layout-flex\">\n<figure class=\"wp-block-image size-full is-style-default\"><img decoding=\"async\" src=\"https:\/\/wordpro.eu\/pl\/wp-content\/uploads\/2023\/11\/formalitaeten.png\" alt=\"\" class=\"wp-image-127\"\/><\/figure>\n\n\n\n<div class=\"wp-block-group\"><div class=\"wp-block-group__inner-container is-layout-flow wp-block-group-is-layout-flow\">\n<p class=\"has-text-align-center has-white-color has-text-color has-link-color wp-elements-ef4d8a23943ca3cc1edb7829a6025da1\" style=\"font-size:18px;line-height:1\"><strong>Formalno\u015bci<\/strong><\/p>\n<\/div><\/div>\n<\/div>\n<a href=\"https:\/\/wordpro.eu\/pl\/uslugi\/formalnosci\/\" class=\"editorskit-block-link\" rel=\"\"><\/a><\/div>\n<\/div>\n<\/div><\/div>\n<\/div><\/div>\n","protected":false},"excerpt":{"rendered":"<p>mgr Ewa Bembnista T\u0142umacz przysi\u0119g\u0142y j\u0119zyka polskiego w Niemczech T\u0142umacz przysi\u0119g\u0142y j\u0119zyka niemieckiego w Polsce Profesjonalne t\u0142umaczenie i pomoc w formalno\u015bciach Us\u0142ugi w Monachium oraz w Niemczech i w Polsce T\u0142umacz przysi\u0119g\u0142y w Niemczech, cz\u0142onek Federalnego Zwi\u0105zku T\u0142umaczy Niemieckich, od roku 2007 wpisana na list\u0119 t\u0142umaczy przysi\u0119g\u0142ych w Polsce. Od wielu lat pracuj\u0119 zar\u00f3wno dla &hellip; <\/p>\n<p class=\"link-more\"><a href=\"https:\/\/wordpro.eu\/pl\/\" class=\"more-link\">Read more<span class=\"screen-reader-text\"> &#8222;T\u0142umacz przysi\u0119g\u0142y j\u0119zyka polskiego i niemieckiego&#8221;<\/span><\/a><\/p>\n","protected":false},"author":1,"featured_media":42,"parent":0,"menu_order":0,"comment_status":"closed","ping_status":"closed","template":"","meta":{"_editorskit_title_hidden":false,"_editorskit_reading_time":0,"_editorskit_is_block_options_detached":false,"_editorskit_block_options_position":"{}","footnotes":""},"class_list":["post-17","page","type-page","status-publish","has-post-thumbnail","hentry"],"yoast_head":"<!-- This site is optimized with the Yoast SEO plugin v23.3 - https:\/\/yoast.com\/wordpress\/plugins\/seo\/ -->\n<title>T\u0142umacz przysi\u0119g\u0142y j\u0119zyka polskiego i niemieckiego - Wordpro Ewa Bembnista<\/title>\n<meta name=\"description\" content=\"T\u0142umacz przysi\u0119g\u0142y j\u0119zyka polskiego i niemieckiego w Monachium. T\u0142umaczenia zwyk\u0142e i uwierzytelnione, pisemne oraz ustne.\" \/>\n<meta name=\"robots\" content=\"index, follow, max-snippet:-1, max-image-preview:large, max-video-preview:-1\" \/>\n<link rel=\"canonical\" href=\"https:\/\/wordpro.eu\/pl\/\" \/>\n<meta property=\"og:locale\" content=\"pl_PL\" \/>\n<meta property=\"og:type\" content=\"article\" \/>\n<meta property=\"og:title\" content=\"T\u0142umacz przysi\u0119g\u0142y j\u0119zyka polskiego i niemieckiego - Wordpro Ewa Bembnista\" \/>\n<meta property=\"og:description\" content=\"T\u0142umacz przysi\u0119g\u0142y j\u0119zyka polskiego i niemieckiego w Monachium. T\u0142umaczenia zwyk\u0142e i uwierzytelnione, pisemne oraz ustne.\" \/>\n<meta property=\"og:url\" content=\"https:\/\/wordpro.eu\/pl\/\" \/>\n<meta property=\"og:site_name\" content=\"Wordpro Ewa Bembnista\" \/>\n<meta property=\"article:publisher\" content=\"https:\/\/www.facebook.com\/tlumacz.monachium\" \/>\n<meta property=\"article:modified_time\" content=\"2024-09-02T20:41:23+00:00\" \/>\n<meta property=\"og:image\" content=\"https:\/\/wordpro.eu\/pl\/wp-content\/uploads\/2023\/10\/slide-3.jpg\" \/>\n\t<meta property=\"og:image:width\" content=\"500\" \/>\n\t<meta property=\"og:image:height\" content=\"250\" \/>\n\t<meta property=\"og:image:type\" content=\"image\/jpeg\" \/>\n<meta name=\"twitter:card\" content=\"summary_large_image\" \/>\n<meta name=\"twitter:label1\" content=\"Szacowany czas czytania\" \/>\n\t<meta name=\"twitter:data1\" content=\"3 minuty\" \/>\n<script type=\"application\/ld+json\" class=\"yoast-schema-graph\">{\"@context\":\"https:\/\/schema.org\",\"@graph\":[{\"@type\":\"WebPage\",\"@id\":\"https:\/\/wordpro.eu\/pl\/\",\"url\":\"https:\/\/wordpro.eu\/pl\/\",\"name\":\"T\u0142umacz przysi\u0119g\u0142y j\u0119zyka polskiego i niemieckiego - Wordpro Ewa Bembnista\",\"isPartOf\":{\"@id\":\"https:\/\/wordpro.eu\/pl\/#website\"},\"primaryImageOfPage\":{\"@id\":\"https:\/\/wordpro.eu\/pl\/#primaryimage\"},\"image\":{\"@id\":\"https:\/\/wordpro.eu\/pl\/#primaryimage\"},\"thumbnailUrl\":\"https:\/\/wordpro.eu\/pl\/wp-content\/uploads\/2023\/10\/slide-3.jpg\",\"datePublished\":\"2023-10-14T12:34:07+00:00\",\"dateModified\":\"2024-09-02T20:41:23+00:00\",\"description\":\"T\u0142umacz przysi\u0119g\u0142y j\u0119zyka polskiego i niemieckiego w Monachium. T\u0142umaczenia zwyk\u0142e i uwierzytelnione, pisemne oraz ustne.\",\"breadcrumb\":{\"@id\":\"https:\/\/wordpro.eu\/pl\/#breadcrumb\"},\"inLanguage\":\"pl-PL\",\"potentialAction\":[{\"@type\":\"ReadAction\",\"target\":[\"https:\/\/wordpro.eu\/pl\/\"]}]},{\"@type\":\"ImageObject\",\"inLanguage\":\"pl-PL\",\"@id\":\"https:\/\/wordpro.eu\/pl\/#primaryimage\",\"url\":\"https:\/\/wordpro.eu\/pl\/wp-content\/uploads\/2023\/10\/slide-3.jpg\",\"contentUrl\":\"https:\/\/wordpro.eu\/pl\/wp-content\/uploads\/2023\/10\/slide-3.jpg\",\"width\":500,\"height\":250},{\"@type\":\"BreadcrumbList\",\"@id\":\"https:\/\/wordpro.eu\/pl\/#breadcrumb\",\"itemListElement\":[{\"@type\":\"ListItem\",\"position\":1,\"name\":\"Strona g\u0142\u00f3wna\",\"item\":\"https:\/\/wordpro.eu\/pl\/\"},{\"@type\":\"ListItem\",\"position\":2,\"name\":\"T\u0142umacz przysi\u0119g\u0142y j\u0119zyka polskiego i niemieckiego\"}]},{\"@type\":\"WebSite\",\"@id\":\"https:\/\/wordpro.eu\/pl\/#website\",\"url\":\"https:\/\/wordpro.eu\/pl\/\",\"name\":\"Wordpro Ewa Bembnista\",\"description\":\"T\u0142umacz przysi\u0119g\u0142y j\u0119zyka polskiego i niemieckiego w Monachium\",\"publisher\":{\"@id\":\"https:\/\/wordpro.eu\/pl\/#organization\"},\"potentialAction\":[{\"@type\":\"SearchAction\",\"target\":{\"@type\":\"EntryPoint\",\"urlTemplate\":\"https:\/\/wordpro.eu\/pl\/?s={search_term_string}\"},\"query-input\":\"required name=search_term_string\"}],\"inLanguage\":\"pl-PL\"},{\"@type\":\"Organization\",\"@id\":\"https:\/\/wordpro.eu\/pl\/#organization\",\"name\":\"Wordpro Ewa Bembnista\",\"url\":\"https:\/\/wordpro.eu\/pl\/\",\"logo\":{\"@type\":\"ImageObject\",\"inLanguage\":\"pl-PL\",\"@id\":\"https:\/\/wordpro.eu\/pl\/#\/schema\/logo\/image\/\",\"url\":\"https:\/\/wordpro.eu\/pl\/wp-content\/uploads\/2023\/10\/logo.png\",\"contentUrl\":\"https:\/\/wordpro.eu\/pl\/wp-content\/uploads\/2023\/10\/logo.png\",\"width\":66,\"height\":66,\"caption\":\"Wordpro Ewa Bembnista\"},\"image\":{\"@id\":\"https:\/\/wordpro.eu\/pl\/#\/schema\/logo\/image\/\"},\"sameAs\":[\"https:\/\/www.facebook.com\/tlumacz.monachium\"]}]}<\/script>\n<!-- \/ Yoast SEO plugin. -->","yoast_head_json":{"title":"T\u0142umacz przysi\u0119g\u0142y j\u0119zyka polskiego i niemieckiego - Wordpro Ewa Bembnista","description":"T\u0142umacz przysi\u0119g\u0142y j\u0119zyka polskiego i niemieckiego w Monachium. T\u0142umaczenia zwyk\u0142e i uwierzytelnione, pisemne oraz ustne.","robots":{"index":"index","follow":"follow","max-snippet":"max-snippet:-1","max-image-preview":"max-image-preview:large","max-video-preview":"max-video-preview:-1"},"canonical":"https:\/\/wordpro.eu\/pl\/","og_locale":"pl_PL","og_type":"article","og_title":"T\u0142umacz przysi\u0119g\u0142y j\u0119zyka polskiego i niemieckiego - Wordpro Ewa Bembnista","og_description":"T\u0142umacz przysi\u0119g\u0142y j\u0119zyka polskiego i niemieckiego w Monachium. T\u0142umaczenia zwyk\u0142e i uwierzytelnione, pisemne oraz ustne.","og_url":"https:\/\/wordpro.eu\/pl\/","og_site_name":"Wordpro Ewa Bembnista","article_publisher":"https:\/\/www.facebook.com\/tlumacz.monachium","article_modified_time":"2024-09-02T20:41:23+00:00","og_image":[{"width":500,"height":250,"url":"https:\/\/wordpro.eu\/pl\/wp-content\/uploads\/2023\/10\/slide-3.jpg","type":"image\/jpeg"}],"twitter_card":"summary_large_image","twitter_misc":{"Szacowany czas czytania":"3 minuty"},"schema":{"@context":"https:\/\/schema.org","@graph":[{"@type":"WebPage","@id":"https:\/\/wordpro.eu\/pl\/","url":"https:\/\/wordpro.eu\/pl\/","name":"T\u0142umacz przysi\u0119g\u0142y j\u0119zyka polskiego i niemieckiego - Wordpro Ewa Bembnista","isPartOf":{"@id":"https:\/\/wordpro.eu\/pl\/#website"},"primaryImageOfPage":{"@id":"https:\/\/wordpro.eu\/pl\/#primaryimage"},"image":{"@id":"https:\/\/wordpro.eu\/pl\/#primaryimage"},"thumbnailUrl":"https:\/\/wordpro.eu\/pl\/wp-content\/uploads\/2023\/10\/slide-3.jpg","datePublished":"2023-10-14T12:34:07+00:00","dateModified":"2024-09-02T20:41:23+00:00","description":"T\u0142umacz przysi\u0119g\u0142y j\u0119zyka polskiego i niemieckiego w Monachium. T\u0142umaczenia zwyk\u0142e i uwierzytelnione, pisemne oraz ustne.","breadcrumb":{"@id":"https:\/\/wordpro.eu\/pl\/#breadcrumb"},"inLanguage":"pl-PL","potentialAction":[{"@type":"ReadAction","target":["https:\/\/wordpro.eu\/pl\/"]}]},{"@type":"ImageObject","inLanguage":"pl-PL","@id":"https:\/\/wordpro.eu\/pl\/#primaryimage","url":"https:\/\/wordpro.eu\/pl\/wp-content\/uploads\/2023\/10\/slide-3.jpg","contentUrl":"https:\/\/wordpro.eu\/pl\/wp-content\/uploads\/2023\/10\/slide-3.jpg","width":500,"height":250},{"@type":"BreadcrumbList","@id":"https:\/\/wordpro.eu\/pl\/#breadcrumb","itemListElement":[{"@type":"ListItem","position":1,"name":"Strona g\u0142\u00f3wna","item":"https:\/\/wordpro.eu\/pl\/"},{"@type":"ListItem","position":2,"name":"T\u0142umacz przysi\u0119g\u0142y j\u0119zyka polskiego i niemieckiego"}]},{"@type":"WebSite","@id":"https:\/\/wordpro.eu\/pl\/#website","url":"https:\/\/wordpro.eu\/pl\/","name":"Wordpro Ewa Bembnista","description":"T\u0142umacz przysi\u0119g\u0142y j\u0119zyka polskiego i niemieckiego w Monachium","publisher":{"@id":"https:\/\/wordpro.eu\/pl\/#organization"},"potentialAction":[{"@type":"SearchAction","target":{"@type":"EntryPoint","urlTemplate":"https:\/\/wordpro.eu\/pl\/?s={search_term_string}"},"query-input":"required name=search_term_string"}],"inLanguage":"pl-PL"},{"@type":"Organization","@id":"https:\/\/wordpro.eu\/pl\/#organization","name":"Wordpro Ewa Bembnista","url":"https:\/\/wordpro.eu\/pl\/","logo":{"@type":"ImageObject","inLanguage":"pl-PL","@id":"https:\/\/wordpro.eu\/pl\/#\/schema\/logo\/image\/","url":"https:\/\/wordpro.eu\/pl\/wp-content\/uploads\/2023\/10\/logo.png","contentUrl":"https:\/\/wordpro.eu\/pl\/wp-content\/uploads\/2023\/10\/logo.png","width":66,"height":66,"caption":"Wordpro Ewa Bembnista"},"image":{"@id":"https:\/\/wordpro.eu\/pl\/#\/schema\/logo\/image\/"},"sameAs":["https:\/\/www.facebook.com\/tlumacz.monachium"]}]}},"_links":{"self":[{"href":"https:\/\/wordpro.eu\/pl\/wp-json\/wp\/v2\/pages\/17","targetHints":{"allow":["GET"]}}],"collection":[{"href":"https:\/\/wordpro.eu\/pl\/wp-json\/wp\/v2\/pages"}],"about":[{"href":"https:\/\/wordpro.eu\/pl\/wp-json\/wp\/v2\/types\/page"}],"author":[{"embeddable":true,"href":"https:\/\/wordpro.eu\/pl\/wp-json\/wp\/v2\/users\/1"}],"replies":[{"embeddable":true,"href":"https:\/\/wordpro.eu\/pl\/wp-json\/wp\/v2\/comments?post=17"}],"version-history":[{"count":34,"href":"https:\/\/wordpro.eu\/pl\/wp-json\/wp\/v2\/pages\/17\/revisions"}],"predecessor-version":[{"id":199,"href":"https:\/\/wordpro.eu\/pl\/wp-json\/wp\/v2\/pages\/17\/revisions\/199"}],"wp:featuredmedia":[{"embeddable":true,"href":"https:\/\/wordpro.eu\/pl\/wp-json\/wp\/v2\/media\/42"}],"wp:attachment":[{"href":"https:\/\/wordpro.eu\/pl\/wp-json\/wp\/v2\/media?parent=17"}],"curies":[{"name":"wp","href":"https:\/\/api.w.org\/{rel}","templated":true}]}}