{"id":155,"date":"2023-11-19T15:39:57","date_gmt":"2023-11-19T14:39:57","guid":{"rendered":"https:\/\/wordpro.eu\/pl\/?page_id=155"},"modified":"2023-11-19T19:51:36","modified_gmt":"2023-11-19T18:51:36","slug":"medycyna","status":"publish","type":"page","link":"https:\/\/wordpro.eu\/pl\/uslugi\/medycyna\/","title":{"rendered":"Medycyna"},"content":{"rendered":"\n<h2 class=\"wp-block-heading font-medium text-justified\">W przypadku t\u0142umacze\u0144 medycznych w szpitalach i klinikach poprowadz\u0119 Pa\u0144stwa od izby przyj\u0119\u0107, gdzie czeka na pacjent\u00f3w wype\u0142nianie licznych formularzy, poprzez specjalistyczny wywiad chorobowy, a\u017c do przepisanych bada\u0144, przy czym pacjenci mog\u0105 polega\u0107 na moim takcie i dyskrecji.<\/h2>\n\n\n\n<p class=\"text-justified\">Przyjmuj\u0119 r\u00f3wnie\u017c zlecenia polegaj\u0105ce na zebraniu informacji na temat lekarzy i szpitali wyspecjalizowanych w danej dziedzinie medycyny. Leczenie w Niemczech ma czasami inny przebieg ni\u017c w Polsce i tutaj tak\u017ce s\u0142u\u017c\u0119 wiedz\u0105, do\u015bwiadczeniem oraz proponuj\u0119 mo\u017cliwo\u015b\u0107 wcze\u015bniejszego rozeznania si\u0119 w temacie.<\/p>\n\n\n\n<p class=\"text-justified\">\u017b\u0105dane przez lekarzy dokumenty musz\u0105 zosta\u0107 przed\u0142o\u017cone w danym j\u0119zyku. Je\u017celi chc\u0105 Pa\u0144stwo by\u0107 pewni, \u017ce dokumenty zosta\u0142y prze\u0142o\u017cone z nale\u017cyt\u0105 staranno\u015bci\u0105, prosz\u0119 skorzysta\u0107 z moich us\u0142ug. Wsp\u00f3\u0142pracuj\u0119 z polskimi i niemieckimi lekarzami dzia\u0142aj\u0105cymi na terenie Niemiec, kt\u00f3rzy w razie trudniejszych zagadnie\u0144 wspieraj\u0105 mnie swoj\u0105 wiedz\u0105.<\/p>\n","protected":false},"excerpt":{"rendered":"<p>W przypadku t\u0142umacze\u0144 medycznych w szpitalach i klinikach poprowadz\u0119 Pa\u0144stwa od izby przyj\u0119\u0107, gdzie czeka na pacjent\u00f3w wype\u0142nianie licznych formularzy, poprzez specjalistyczny wywiad chorobowy, a\u017c do przepisanych bada\u0144, przy czym pacjenci mog\u0105 polega\u0107 na moim takcie i dyskrecji. Przyjmuj\u0119 r\u00f3wnie\u017c zlecenia polegaj\u0105ce na zebraniu informacji na temat lekarzy i szpitali wyspecjalizowanych w danej dziedzinie medycyny. &hellip; <\/p>\n<p class=\"link-more\"><a href=\"https:\/\/wordpro.eu\/pl\/uslugi\/medycyna\/\" class=\"more-link\">Read more<span class=\"screen-reader-text\"> &#8222;Medycyna&#8221;<\/span><\/a><\/p>\n","protected":false},"author":1,"featured_media":0,"parent":144,"menu_order":0,"comment_status":"closed","ping_status":"closed","template":"","meta":{"_editorskit_title_hidden":false,"_editorskit_reading_time":0,"_editorskit_is_block_options_detached":false,"_editorskit_block_options_position":"{}","footnotes":""},"class_list":["post-155","page","type-page","status-publish","hentry"],"yoast_head":"<!-- This site is optimized with the Yoast SEO plugin v23.3 - https:\/\/yoast.com\/wordpress\/plugins\/seo\/ -->\n<title>Medycyna - Wordpro Ewa Bembnista<\/title>\n<meta name=\"robots\" content=\"index, follow, max-snippet:-1, max-image-preview:large, max-video-preview:-1\" \/>\n<link rel=\"canonical\" href=\"https:\/\/wordpro.eu\/pl\/uslugi\/medycyna\/\" \/>\n<meta property=\"og:locale\" content=\"pl_PL\" \/>\n<meta property=\"og:type\" content=\"article\" \/>\n<meta property=\"og:title\" content=\"Medycyna - Wordpro Ewa Bembnista\" \/>\n<meta property=\"og:description\" content=\"W przypadku t\u0142umacze\u0144 medycznych w szpitalach i klinikach poprowadz\u0119 Pa\u0144stwa od izby przyj\u0119\u0107, gdzie czeka na pacjent\u00f3w wype\u0142nianie licznych formularzy, poprzez specjalistyczny wywiad chorobowy, a\u017c do przepisanych bada\u0144, przy czym pacjenci mog\u0105 polega\u0107 na moim takcie i dyskrecji. Przyjmuj\u0119 r\u00f3wnie\u017c zlecenia polegaj\u0105ce na zebraniu informacji na temat lekarzy i szpitali wyspecjalizowanych w danej dziedzinie medycyny. &hellip; Read more &quot;Medycyna&quot;\" \/>\n<meta property=\"og:url\" content=\"https:\/\/wordpro.eu\/pl\/uslugi\/medycyna\/\" \/>\n<meta property=\"og:site_name\" content=\"Wordpro Ewa Bembnista\" \/>\n<meta property=\"article:publisher\" content=\"https:\/\/www.facebook.com\/tlumacz.monachium\" \/>\n<meta property=\"article:modified_time\" content=\"2023-11-19T18:51:36+00:00\" \/>\n<meta name=\"twitter:card\" content=\"summary_large_image\" \/>\n<meta name=\"twitter:label1\" content=\"Szacowany czas czytania\" \/>\n\t<meta name=\"twitter:data1\" content=\"1 minuta\" \/>\n<script type=\"application\/ld+json\" class=\"yoast-schema-graph\">{\"@context\":\"https:\/\/schema.org\",\"@graph\":[{\"@type\":\"WebPage\",\"@id\":\"https:\/\/wordpro.eu\/pl\/uslugi\/medycyna\/\",\"url\":\"https:\/\/wordpro.eu\/pl\/uslugi\/medycyna\/\",\"name\":\"Medycyna - Wordpro Ewa Bembnista\",\"isPartOf\":{\"@id\":\"https:\/\/wordpro.eu\/pl\/#website\"},\"datePublished\":\"2023-11-19T14:39:57+00:00\",\"dateModified\":\"2023-11-19T18:51:36+00:00\",\"breadcrumb\":{\"@id\":\"https:\/\/wordpro.eu\/pl\/uslugi\/medycyna\/#breadcrumb\"},\"inLanguage\":\"pl-PL\",\"potentialAction\":[{\"@type\":\"ReadAction\",\"target\":[\"https:\/\/wordpro.eu\/pl\/uslugi\/medycyna\/\"]}]},{\"@type\":\"BreadcrumbList\",\"@id\":\"https:\/\/wordpro.eu\/pl\/uslugi\/medycyna\/#breadcrumb\",\"itemListElement\":[{\"@type\":\"ListItem\",\"position\":1,\"name\":\"Strona g\u0142\u00f3wna\",\"item\":\"https:\/\/wordpro.eu\/pl\/\"},{\"@type\":\"ListItem\",\"position\":2,\"name\":\"Us\u0142ugi\",\"item\":\"https:\/\/wordpro.eu\/pl\/uslugi\/\"},{\"@type\":\"ListItem\",\"position\":3,\"name\":\"Medycyna\"}]},{\"@type\":\"WebSite\",\"@id\":\"https:\/\/wordpro.eu\/pl\/#website\",\"url\":\"https:\/\/wordpro.eu\/pl\/\",\"name\":\"Wordpro Ewa Bembnista\",\"description\":\"T\u0142umacz przysi\u0119g\u0142y j\u0119zyka polskiego i niemieckiego w Monachium\",\"publisher\":{\"@id\":\"https:\/\/wordpro.eu\/pl\/#organization\"},\"potentialAction\":[{\"@type\":\"SearchAction\",\"target\":{\"@type\":\"EntryPoint\",\"urlTemplate\":\"https:\/\/wordpro.eu\/pl\/?s={search_term_string}\"},\"query-input\":\"required name=search_term_string\"}],\"inLanguage\":\"pl-PL\"},{\"@type\":\"Organization\",\"@id\":\"https:\/\/wordpro.eu\/pl\/#organization\",\"name\":\"Wordpro Ewa Bembnista\",\"url\":\"https:\/\/wordpro.eu\/pl\/\",\"logo\":{\"@type\":\"ImageObject\",\"inLanguage\":\"pl-PL\",\"@id\":\"https:\/\/wordpro.eu\/pl\/#\/schema\/logo\/image\/\",\"url\":\"https:\/\/wordpro.eu\/pl\/wp-content\/uploads\/2023\/10\/logo.png\",\"contentUrl\":\"https:\/\/wordpro.eu\/pl\/wp-content\/uploads\/2023\/10\/logo.png\",\"width\":66,\"height\":66,\"caption\":\"Wordpro Ewa Bembnista\"},\"image\":{\"@id\":\"https:\/\/wordpro.eu\/pl\/#\/schema\/logo\/image\/\"},\"sameAs\":[\"https:\/\/www.facebook.com\/tlumacz.monachium\"]}]}<\/script>\n<!-- \/ Yoast SEO plugin. -->","yoast_head_json":{"title":"Medycyna - Wordpro Ewa Bembnista","robots":{"index":"index","follow":"follow","max-snippet":"max-snippet:-1","max-image-preview":"max-image-preview:large","max-video-preview":"max-video-preview:-1"},"canonical":"https:\/\/wordpro.eu\/pl\/uslugi\/medycyna\/","og_locale":"pl_PL","og_type":"article","og_title":"Medycyna - Wordpro Ewa Bembnista","og_description":"W przypadku t\u0142umacze\u0144 medycznych w szpitalach i klinikach poprowadz\u0119 Pa\u0144stwa od izby przyj\u0119\u0107, gdzie czeka na pacjent\u00f3w wype\u0142nianie licznych formularzy, poprzez specjalistyczny wywiad chorobowy, a\u017c do przepisanych bada\u0144, przy czym pacjenci mog\u0105 polega\u0107 na moim takcie i dyskrecji. Przyjmuj\u0119 r\u00f3wnie\u017c zlecenia polegaj\u0105ce na zebraniu informacji na temat lekarzy i szpitali wyspecjalizowanych w danej dziedzinie medycyny. &hellip; Read more \"Medycyna\"","og_url":"https:\/\/wordpro.eu\/pl\/uslugi\/medycyna\/","og_site_name":"Wordpro Ewa Bembnista","article_publisher":"https:\/\/www.facebook.com\/tlumacz.monachium","article_modified_time":"2023-11-19T18:51:36+00:00","twitter_card":"summary_large_image","twitter_misc":{"Szacowany czas czytania":"1 minuta"},"schema":{"@context":"https:\/\/schema.org","@graph":[{"@type":"WebPage","@id":"https:\/\/wordpro.eu\/pl\/uslugi\/medycyna\/","url":"https:\/\/wordpro.eu\/pl\/uslugi\/medycyna\/","name":"Medycyna - Wordpro Ewa Bembnista","isPartOf":{"@id":"https:\/\/wordpro.eu\/pl\/#website"},"datePublished":"2023-11-19T14:39:57+00:00","dateModified":"2023-11-19T18:51:36+00:00","breadcrumb":{"@id":"https:\/\/wordpro.eu\/pl\/uslugi\/medycyna\/#breadcrumb"},"inLanguage":"pl-PL","potentialAction":[{"@type":"ReadAction","target":["https:\/\/wordpro.eu\/pl\/uslugi\/medycyna\/"]}]},{"@type":"BreadcrumbList","@id":"https:\/\/wordpro.eu\/pl\/uslugi\/medycyna\/#breadcrumb","itemListElement":[{"@type":"ListItem","position":1,"name":"Strona g\u0142\u00f3wna","item":"https:\/\/wordpro.eu\/pl\/"},{"@type":"ListItem","position":2,"name":"Us\u0142ugi","item":"https:\/\/wordpro.eu\/pl\/uslugi\/"},{"@type":"ListItem","position":3,"name":"Medycyna"}]},{"@type":"WebSite","@id":"https:\/\/wordpro.eu\/pl\/#website","url":"https:\/\/wordpro.eu\/pl\/","name":"Wordpro Ewa Bembnista","description":"T\u0142umacz przysi\u0119g\u0142y j\u0119zyka polskiego i niemieckiego w Monachium","publisher":{"@id":"https:\/\/wordpro.eu\/pl\/#organization"},"potentialAction":[{"@type":"SearchAction","target":{"@type":"EntryPoint","urlTemplate":"https:\/\/wordpro.eu\/pl\/?s={search_term_string}"},"query-input":"required name=search_term_string"}],"inLanguage":"pl-PL"},{"@type":"Organization","@id":"https:\/\/wordpro.eu\/pl\/#organization","name":"Wordpro Ewa Bembnista","url":"https:\/\/wordpro.eu\/pl\/","logo":{"@type":"ImageObject","inLanguage":"pl-PL","@id":"https:\/\/wordpro.eu\/pl\/#\/schema\/logo\/image\/","url":"https:\/\/wordpro.eu\/pl\/wp-content\/uploads\/2023\/10\/logo.png","contentUrl":"https:\/\/wordpro.eu\/pl\/wp-content\/uploads\/2023\/10\/logo.png","width":66,"height":66,"caption":"Wordpro Ewa Bembnista"},"image":{"@id":"https:\/\/wordpro.eu\/pl\/#\/schema\/logo\/image\/"},"sameAs":["https:\/\/www.facebook.com\/tlumacz.monachium"]}]}},"_links":{"self":[{"href":"https:\/\/wordpro.eu\/pl\/wp-json\/wp\/v2\/pages\/155","targetHints":{"allow":["GET"]}}],"collection":[{"href":"https:\/\/wordpro.eu\/pl\/wp-json\/wp\/v2\/pages"}],"about":[{"href":"https:\/\/wordpro.eu\/pl\/wp-json\/wp\/v2\/types\/page"}],"author":[{"embeddable":true,"href":"https:\/\/wordpro.eu\/pl\/wp-json\/wp\/v2\/users\/1"}],"replies":[{"embeddable":true,"href":"https:\/\/wordpro.eu\/pl\/wp-json\/wp\/v2\/comments?post=155"}],"version-history":[{"count":4,"href":"https:\/\/wordpro.eu\/pl\/wp-json\/wp\/v2\/pages\/155\/revisions"}],"predecessor-version":[{"id":188,"href":"https:\/\/wordpro.eu\/pl\/wp-json\/wp\/v2\/pages\/155\/revisions\/188"}],"up":[{"embeddable":true,"href":"https:\/\/wordpro.eu\/pl\/wp-json\/wp\/v2\/pages\/144"}],"wp:attachment":[{"href":"https:\/\/wordpro.eu\/pl\/wp-json\/wp\/v2\/media?parent=155"}],"curies":[{"name":"wp","href":"https:\/\/api.w.org\/{rel}","templated":true}]}}