{"id":144,"date":"2023-11-19T15:25:35","date_gmt":"2023-11-19T14:25:35","guid":{"rendered":"https:\/\/wordpro.eu\/pl\/?page_id=144"},"modified":"2023-12-05T22:31:23","modified_gmt":"2023-12-05T21:31:23","slug":"uslugi","status":"publish","type":"page","link":"https:\/\/wordpro.eu\/pl\/uslugi\/","title":{"rendered":"Us\u0142ugi"},"content":{"rendered":"\n<div class=\"wp-block-group alignfull\"><div class=\"wp-block-group__inner-container is-layout-constrained wp-block-group-is-layout-constrained\">\n<div class=\"wp-block-cover alignfull is-light has-luminous-vivid-orange-color has-text-color has-link-color wp-elements-5a931d1938e9f1fe9da9b1708b00c33c\" style=\"padding-top:50px;padding-right:50px;padding-bottom:50px;padding-left:50px;min-height:316px;aspect-ratio:unset;\"><span aria-hidden=\"true\" class=\"wp-block-cover__background has-black-background-color has-background-dim-0 has-background-dim\"><\/span><div class=\"wp-block-cover__inner-container is-layout-flow wp-block-cover-is-layout-flow\">\n<div class=\"wp-block-columns is-layout-flex wp-container-core-columns-is-layout-9d6595d7 wp-block-columns-is-layout-flex\">\n<div class=\"wp-block-column is-vertically-aligned-stretch dienstleistung has-background ek-linked-block is-layout-flow wp-block-column-is-layout-flow\" style=\"background-color:#00000099;padding-top:20px;padding-right:0px;padding-bottom:20px;padding-left:0px\">\n<div class=\"wp-block-group is-vertical is-content-justification-center is-layout-flex wp-container-core-group-is-layout-dc8dc9c8 wp-block-group-is-layout-flex\">\n<figure class=\"wp-block-image size-full is-style-default\"><img decoding=\"async\" src=\"https:\/\/wordpro.eu\/pl\/wp-content\/uploads\/2023\/11\/beglaubigteUebersetzungen.png\" alt=\"\" class=\"wp-image-126\"\/><\/figure>\n\n\n\n<div class=\"wp-block-group\"><div class=\"wp-block-group__inner-container is-layout-flow wp-block-group-is-layout-flow\">\n<p class=\"has-text-align-center has-white-color has-text-color has-link-color wp-elements-64510dfd0a76b756929b0d606fb38d17\" style=\"font-size:18px;line-height:1\"><strong>T\u0142umaczenia przysi\u0119g\u0142e<\/strong><\/p>\n<\/div><\/div>\n<\/div>\n<a href=\"https:\/\/wordpro.eu\/pl\/uslugi\/tlumaczenia-przysiegle\/\" class=\"editorskit-block-link\" rel=\"\"><\/a><\/div>\n\n\n\n<div class=\"wp-block-column is-vertically-aligned-stretch dienstleistung has-background ek-linked-block is-layout-flow wp-block-column-is-layout-flow\" style=\"background-color:#00000099;padding-top:20px;padding-right:0px;padding-bottom:20px;padding-left:0px\">\n<div class=\"wp-block-group is-vertical is-content-justification-center is-layout-flex wp-container-core-group-is-layout-dc8dc9c8 wp-block-group-is-layout-flex\">\n<figure class=\"wp-block-image size-full is-style-default\"><img decoding=\"async\" src=\"https:\/\/wordpro.eu\/pl\/wp-content\/uploads\/2023\/11\/rechtswesen.png\" alt=\"\" class=\"wp-image-130\"\/><\/figure>\n\n\n\n<div class=\"wp-block-group\"><div class=\"wp-block-group__inner-container is-layout-flow wp-block-group-is-layout-flow\">\n<p class=\"has-text-align-center has-white-color has-text-color has-link-color wp-elements-f15f827fc3aaa0af2f0c157ed4868507\" style=\"font-size:18px;line-height:1\"><strong>Prawo<\/strong><\/p>\n<\/div><\/div>\n<\/div>\n<a href=\"https:\/\/wordpro.eu\/pl\/uslugi\/prawo\/\" class=\"editorskit-block-link\" rel=\"\"><\/a><\/div>\n\n\n\n<div class=\"wp-block-column is-vertically-aligned-stretch dienstleistung has-background ek-linked-block is-layout-flow wp-block-column-is-layout-flow\" style=\"background-color:#00000099;padding-top:20px;padding-right:0px;padding-bottom:20px;padding-left:0px\">\n<div class=\"wp-block-group is-vertical is-content-justification-center is-layout-flex wp-container-core-group-is-layout-dc8dc9c8 wp-block-group-is-layout-flex\">\n<figure class=\"wp-block-image size-full is-style-default\"><img decoding=\"async\" src=\"https:\/\/wordpro.eu\/pl\/wp-content\/uploads\/2023\/11\/wirtschaft.png\" alt=\"\" class=\"wp-image-131\"\/><\/figure>\n\n\n\n<div class=\"wp-block-group\"><div class=\"wp-block-group__inner-container is-layout-flow wp-block-group-is-layout-flow\">\n<p class=\"has-text-align-center has-white-color has-text-color has-link-color wp-elements-05b90ef46bea9bfe37e626cc1fb29749\" style=\"font-size:18px;line-height:1\"><strong>Finanse i ekonomia<\/strong><\/p>\n<\/div><\/div>\n<\/div>\n<a href=\"https:\/\/wordpro.eu\/pl\/uslugi\/finanse-i-ekonomia\/\" class=\"editorskit-block-link\" rel=\"\"><\/a><\/div>\n<\/div>\n\n\n\n<div class=\"wp-block-columns is-layout-flex wp-container-core-columns-is-layout-9d6595d7 wp-block-columns-is-layout-flex\">\n<div class=\"wp-block-column is-vertically-aligned-stretch dienstleistung has-background ek-linked-block is-layout-flow wp-block-column-is-layout-flow\" style=\"background-color:#00000099;padding-top:20px;padding-right:0px;padding-bottom:20px;padding-left:0px\">\n<div class=\"wp-block-group is-vertical is-content-justification-center is-layout-flex wp-container-core-group-is-layout-dc8dc9c8 wp-block-group-is-layout-flex\">\n<figure class=\"wp-block-image size-full is-style-default\"><img decoding=\"async\" src=\"https:\/\/wordpro.eu\/pl\/wp-content\/uploads\/2023\/11\/lokalisierung.png\" alt=\"\" class=\"wp-image-128\"\/><\/figure>\n\n\n\n<div class=\"wp-block-group\"><div class=\"wp-block-group__inner-container is-layout-flow wp-block-group-is-layout-flow\">\n<p class=\"has-text-align-center has-white-color has-text-color has-link-color wp-elements-646c34b3a24845f0a96272c52628f9f2\" style=\"font-size:18px;line-height:1\"><strong>Lokalizacja oprogramowania<\/strong><\/p>\n<\/div><\/div>\n<\/div>\n<a href=\"https:\/\/wordpro.eu\/pl\/uslugi\/lokalizacja-oprogramowania\/\" class=\"editorskit-block-link\" rel=\"\"><\/a><\/div>\n\n\n\n<div class=\"wp-block-column is-vertically-aligned-stretch dienstleistung has-background ek-linked-block is-layout-flow wp-block-column-is-layout-flow\" style=\"background-color:#00000099;padding-top:20px;padding-right:0px;padding-bottom:20px;padding-left:0px\">\n<div class=\"wp-block-group is-vertical is-content-justification-center is-layout-flex wp-container-core-group-is-layout-dc8dc9c8 wp-block-group-is-layout-flex\">\n<figure class=\"wp-block-image size-full is-style-default\"><img decoding=\"async\" src=\"https:\/\/wordpro.eu\/pl\/wp-content\/uploads\/2023\/11\/medizin.png\" alt=\"\" class=\"wp-image-129\"\/><\/figure>\n\n\n\n<div class=\"wp-block-group\"><div class=\"wp-block-group__inner-container is-layout-flow wp-block-group-is-layout-flow\">\n<p class=\"has-text-align-center has-white-color has-text-color has-link-color wp-elements-81f155fcdc7ed3da2c29038edeb463ab\" style=\"font-size:18px;line-height:1\"><strong>Medycyna<\/strong><\/p>\n<\/div><\/div>\n<\/div>\n<a href=\"https:\/\/wordpro.eu\/pl\/uslugi\/medycyna\/\" class=\"editorskit-block-link\" rel=\"\"><\/a><\/div>\n\n\n\n<div class=\"wp-block-column is-vertically-aligned-stretch dienstleistung has-background ek-linked-block is-layout-flow wp-block-column-is-layout-flow\" style=\"background-color:#00000099;padding-top:20px;padding-right:0px;padding-bottom:20px;padding-left:0px\">\n<div class=\"wp-block-group is-vertical is-content-justification-center is-layout-flex wp-container-core-group-is-layout-dc8dc9c8 wp-block-group-is-layout-flex\">\n<figure class=\"wp-block-image size-full is-style-default\"><img decoding=\"async\" src=\"https:\/\/wordpro.eu\/pl\/wp-content\/uploads\/2023\/11\/formalitaeten.png\" alt=\"\" class=\"wp-image-127\"\/><\/figure>\n\n\n\n<div class=\"wp-block-group\"><div class=\"wp-block-group__inner-container is-layout-flow wp-block-group-is-layout-flow\">\n<p class=\"has-text-align-center has-white-color has-text-color has-link-color wp-elements-ef4d8a23943ca3cc1edb7829a6025da1\" style=\"font-size:18px;line-height:1\"><strong>Formalno\u015bci<\/strong><\/p>\n<\/div><\/div>\n<\/div>\n<a href=\"https:\/\/wordpro.eu\/pl\/uslugi\/formalnosci\/\" class=\"editorskit-block-link\" rel=\"\"><\/a><\/div>\n<\/div>\n<\/div><\/div>\n<\/div><\/div>\n","protected":false},"excerpt":{"rendered":"","protected":false},"author":1,"featured_media":233,"parent":0,"menu_order":0,"comment_status":"closed","ping_status":"closed","template":"","meta":{"_editorskit_title_hidden":false,"_editorskit_reading_time":0,"_editorskit_is_block_options_detached":false,"_editorskit_block_options_position":"{}","footnotes":""},"class_list":["post-144","page","type-page","status-publish","has-post-thumbnail","hentry"],"yoast_head":"<!-- This site is optimized with the Yoast SEO plugin v23.3 - https:\/\/yoast.com\/wordpress\/plugins\/seo\/ -->\n<title>Us\u0142ugi - Wordpro Ewa Bembnista<\/title>\n<meta name=\"robots\" content=\"index, follow, max-snippet:-1, max-image-preview:large, max-video-preview:-1\" \/>\n<link rel=\"canonical\" href=\"https:\/\/wordpro.eu\/pl\/uslugi\/\" \/>\n<meta property=\"og:locale\" content=\"pl_PL\" \/>\n<meta property=\"og:type\" content=\"article\" \/>\n<meta property=\"og:title\" content=\"Us\u0142ugi - Wordpro Ewa Bembnista\" \/>\n<meta property=\"og:url\" content=\"https:\/\/wordpro.eu\/pl\/uslugi\/\" \/>\n<meta property=\"og:site_name\" content=\"Wordpro Ewa Bembnista\" \/>\n<meta property=\"article:publisher\" content=\"https:\/\/www.facebook.com\/tlumacz.monachium\" \/>\n<meta property=\"article:modified_time\" content=\"2023-12-05T21:31:23+00:00\" \/>\n<meta property=\"og:image\" content=\"https:\/\/wordpro.eu\/pl\/wp-content\/uploads\/2023\/12\/dubaj.png\" \/>\n\t<meta property=\"og:image:width\" content=\"1127\" \/>\n\t<meta property=\"og:image:height\" content=\"514\" \/>\n\t<meta property=\"og:image:type\" content=\"image\/png\" \/>\n<meta name=\"twitter:card\" content=\"summary_large_image\" \/>\n<script type=\"application\/ld+json\" class=\"yoast-schema-graph\">{\"@context\":\"https:\/\/schema.org\",\"@graph\":[{\"@type\":\"WebPage\",\"@id\":\"https:\/\/wordpro.eu\/pl\/uslugi\/\",\"url\":\"https:\/\/wordpro.eu\/pl\/uslugi\/\",\"name\":\"Us\u0142ugi - Wordpro Ewa Bembnista\",\"isPartOf\":{\"@id\":\"https:\/\/wordpro.eu\/pl\/#website\"},\"primaryImageOfPage\":{\"@id\":\"https:\/\/wordpro.eu\/pl\/uslugi\/#primaryimage\"},\"image\":{\"@id\":\"https:\/\/wordpro.eu\/pl\/uslugi\/#primaryimage\"},\"thumbnailUrl\":\"https:\/\/wordpro.eu\/pl\/wp-content\/uploads\/2023\/12\/dubaj.png\",\"datePublished\":\"2023-11-19T14:25:35+00:00\",\"dateModified\":\"2023-12-05T21:31:23+00:00\",\"breadcrumb\":{\"@id\":\"https:\/\/wordpro.eu\/pl\/uslugi\/#breadcrumb\"},\"inLanguage\":\"pl-PL\",\"potentialAction\":[{\"@type\":\"ReadAction\",\"target\":[\"https:\/\/wordpro.eu\/pl\/uslugi\/\"]}]},{\"@type\":\"ImageObject\",\"inLanguage\":\"pl-PL\",\"@id\":\"https:\/\/wordpro.eu\/pl\/uslugi\/#primaryimage\",\"url\":\"https:\/\/wordpro.eu\/pl\/wp-content\/uploads\/2023\/12\/dubaj.png\",\"contentUrl\":\"https:\/\/wordpro.eu\/pl\/wp-content\/uploads\/2023\/12\/dubaj.png\",\"width\":1127,\"height\":514},{\"@type\":\"BreadcrumbList\",\"@id\":\"https:\/\/wordpro.eu\/pl\/uslugi\/#breadcrumb\",\"itemListElement\":[{\"@type\":\"ListItem\",\"position\":1,\"name\":\"Strona g\u0142\u00f3wna\",\"item\":\"https:\/\/wordpro.eu\/pl\/\"},{\"@type\":\"ListItem\",\"position\":2,\"name\":\"Us\u0142ugi\"}]},{\"@type\":\"WebSite\",\"@id\":\"https:\/\/wordpro.eu\/pl\/#website\",\"url\":\"https:\/\/wordpro.eu\/pl\/\",\"name\":\"Wordpro Ewa Bembnista\",\"description\":\"T\u0142umacz przysi\u0119g\u0142y j\u0119zyka polskiego i niemieckiego w Monachium\",\"publisher\":{\"@id\":\"https:\/\/wordpro.eu\/pl\/#organization\"},\"potentialAction\":[{\"@type\":\"SearchAction\",\"target\":{\"@type\":\"EntryPoint\",\"urlTemplate\":\"https:\/\/wordpro.eu\/pl\/?s={search_term_string}\"},\"query-input\":\"required name=search_term_string\"}],\"inLanguage\":\"pl-PL\"},{\"@type\":\"Organization\",\"@id\":\"https:\/\/wordpro.eu\/pl\/#organization\",\"name\":\"Wordpro Ewa Bembnista\",\"url\":\"https:\/\/wordpro.eu\/pl\/\",\"logo\":{\"@type\":\"ImageObject\",\"inLanguage\":\"pl-PL\",\"@id\":\"https:\/\/wordpro.eu\/pl\/#\/schema\/logo\/image\/\",\"url\":\"https:\/\/wordpro.eu\/pl\/wp-content\/uploads\/2023\/10\/logo.png\",\"contentUrl\":\"https:\/\/wordpro.eu\/pl\/wp-content\/uploads\/2023\/10\/logo.png\",\"width\":66,\"height\":66,\"caption\":\"Wordpro Ewa Bembnista\"},\"image\":{\"@id\":\"https:\/\/wordpro.eu\/pl\/#\/schema\/logo\/image\/\"},\"sameAs\":[\"https:\/\/www.facebook.com\/tlumacz.monachium\"]}]}<\/script>\n<!-- \/ Yoast SEO plugin. -->","yoast_head_json":{"title":"Us\u0142ugi - Wordpro Ewa Bembnista","robots":{"index":"index","follow":"follow","max-snippet":"max-snippet:-1","max-image-preview":"max-image-preview:large","max-video-preview":"max-video-preview:-1"},"canonical":"https:\/\/wordpro.eu\/pl\/uslugi\/","og_locale":"pl_PL","og_type":"article","og_title":"Us\u0142ugi - Wordpro Ewa Bembnista","og_url":"https:\/\/wordpro.eu\/pl\/uslugi\/","og_site_name":"Wordpro Ewa Bembnista","article_publisher":"https:\/\/www.facebook.com\/tlumacz.monachium","article_modified_time":"2023-12-05T21:31:23+00:00","og_image":[{"width":1127,"height":514,"url":"https:\/\/wordpro.eu\/pl\/wp-content\/uploads\/2023\/12\/dubaj.png","type":"image\/png"}],"twitter_card":"summary_large_image","schema":{"@context":"https:\/\/schema.org","@graph":[{"@type":"WebPage","@id":"https:\/\/wordpro.eu\/pl\/uslugi\/","url":"https:\/\/wordpro.eu\/pl\/uslugi\/","name":"Us\u0142ugi - Wordpro Ewa Bembnista","isPartOf":{"@id":"https:\/\/wordpro.eu\/pl\/#website"},"primaryImageOfPage":{"@id":"https:\/\/wordpro.eu\/pl\/uslugi\/#primaryimage"},"image":{"@id":"https:\/\/wordpro.eu\/pl\/uslugi\/#primaryimage"},"thumbnailUrl":"https:\/\/wordpro.eu\/pl\/wp-content\/uploads\/2023\/12\/dubaj.png","datePublished":"2023-11-19T14:25:35+00:00","dateModified":"2023-12-05T21:31:23+00:00","breadcrumb":{"@id":"https:\/\/wordpro.eu\/pl\/uslugi\/#breadcrumb"},"inLanguage":"pl-PL","potentialAction":[{"@type":"ReadAction","target":["https:\/\/wordpro.eu\/pl\/uslugi\/"]}]},{"@type":"ImageObject","inLanguage":"pl-PL","@id":"https:\/\/wordpro.eu\/pl\/uslugi\/#primaryimage","url":"https:\/\/wordpro.eu\/pl\/wp-content\/uploads\/2023\/12\/dubaj.png","contentUrl":"https:\/\/wordpro.eu\/pl\/wp-content\/uploads\/2023\/12\/dubaj.png","width":1127,"height":514},{"@type":"BreadcrumbList","@id":"https:\/\/wordpro.eu\/pl\/uslugi\/#breadcrumb","itemListElement":[{"@type":"ListItem","position":1,"name":"Strona g\u0142\u00f3wna","item":"https:\/\/wordpro.eu\/pl\/"},{"@type":"ListItem","position":2,"name":"Us\u0142ugi"}]},{"@type":"WebSite","@id":"https:\/\/wordpro.eu\/pl\/#website","url":"https:\/\/wordpro.eu\/pl\/","name":"Wordpro Ewa Bembnista","description":"T\u0142umacz przysi\u0119g\u0142y j\u0119zyka polskiego i niemieckiego w Monachium","publisher":{"@id":"https:\/\/wordpro.eu\/pl\/#organization"},"potentialAction":[{"@type":"SearchAction","target":{"@type":"EntryPoint","urlTemplate":"https:\/\/wordpro.eu\/pl\/?s={search_term_string}"},"query-input":"required name=search_term_string"}],"inLanguage":"pl-PL"},{"@type":"Organization","@id":"https:\/\/wordpro.eu\/pl\/#organization","name":"Wordpro Ewa Bembnista","url":"https:\/\/wordpro.eu\/pl\/","logo":{"@type":"ImageObject","inLanguage":"pl-PL","@id":"https:\/\/wordpro.eu\/pl\/#\/schema\/logo\/image\/","url":"https:\/\/wordpro.eu\/pl\/wp-content\/uploads\/2023\/10\/logo.png","contentUrl":"https:\/\/wordpro.eu\/pl\/wp-content\/uploads\/2023\/10\/logo.png","width":66,"height":66,"caption":"Wordpro Ewa Bembnista"},"image":{"@id":"https:\/\/wordpro.eu\/pl\/#\/schema\/logo\/image\/"},"sameAs":["https:\/\/www.facebook.com\/tlumacz.monachium"]}]}},"_links":{"self":[{"href":"https:\/\/wordpro.eu\/pl\/wp-json\/wp\/v2\/pages\/144","targetHints":{"allow":["GET"]}}],"collection":[{"href":"https:\/\/wordpro.eu\/pl\/wp-json\/wp\/v2\/pages"}],"about":[{"href":"https:\/\/wordpro.eu\/pl\/wp-json\/wp\/v2\/types\/page"}],"author":[{"embeddable":true,"href":"https:\/\/wordpro.eu\/pl\/wp-json\/wp\/v2\/users\/1"}],"replies":[{"embeddable":true,"href":"https:\/\/wordpro.eu\/pl\/wp-json\/wp\/v2\/comments?post=144"}],"version-history":[{"count":2,"href":"https:\/\/wordpro.eu\/pl\/wp-json\/wp\/v2\/pages\/144\/revisions"}],"predecessor-version":[{"id":172,"href":"https:\/\/wordpro.eu\/pl\/wp-json\/wp\/v2\/pages\/144\/revisions\/172"}],"wp:featuredmedia":[{"embeddable":true,"href":"https:\/\/wordpro.eu\/pl\/wp-json\/wp\/v2\/media\/233"}],"wp:attachment":[{"href":"https:\/\/wordpro.eu\/pl\/wp-json\/wp\/v2\/media?parent=144"}],"curies":[{"name":"wp","href":"https:\/\/api.w.org\/{rel}","templated":true}]}}