{"id":217,"date":"2026-04-16T21:55:03","date_gmt":"2026-04-16T19:55:03","guid":{"rendered":"https:\/\/wordpro.eu\/de\/?page_id=217"},"modified":"2026-04-16T21:55:03","modified_gmt":"2026-04-16T19:55:03","slug":"impressum","status":"publish","type":"page","link":"https:\/\/wordpro.eu\/de\/impressum\/","title":{"rendered":"Impressum"},"content":{"rendered":"\n<p>Angaben nach \u00a75 Telemediengesetz und \u00a72 Dienstleistungs-Informationspflichten-Verordnung:<br>Ewa Bembnista<br>vom Pr\u00e4sidenten des Landgerichts M\u00fcnchen I \u00f6ffentlich bestellte und allgemein beeidigte \u00dcbersetzerin f\u00fcr die polnische Sprache<br>Kapellenstr. 25<br>82008 Unterhaching<br>E-Mail: info@wordpro.eu<br>Tel. +49 1577 7453603<\/p>\n\n\n\n<p>Umsatzsteuer-Identifikationsnummer:DE299810327<\/p>\n","protected":false},"excerpt":{"rendered":"<p>Angaben nach \u00a75 Telemediengesetz und \u00a72 Dienstleistungs-Informationspflichten-Verordnung:Ewa Bembnistavom Pr\u00e4sidenten des Landgerichts M\u00fcnchen I \u00f6ffentlich bestellte und allgemein beeidigte \u00dcbersetzerin f\u00fcr die polnische SpracheKapellenstr. 2582008 UnterhachingE-Mail: info@wordpro.euTel. +49 1577 7453603 Umsatzsteuer-Identifikationsnummer:DE299810327<\/p>\n","protected":false},"author":1,"featured_media":0,"parent":0,"menu_order":0,"comment_status":"closed","ping_status":"closed","template":"","meta":{"_editorskit_title_hidden":false,"_editorskit_reading_time":0,"_editorskit_is_block_options_detached":false,"_editorskit_block_options_position":"{}","footnotes":""},"class_list":["post-217","page","type-page","status-publish","hentry"],"yoast_head":"<!-- This site is optimized with the Yoast SEO plugin v23.3 - https:\/\/yoast.com\/wordpress\/plugins\/seo\/ -->\n<title>Impressum - Wordpro Ewa Bembnista<\/title>\n<meta name=\"robots\" content=\"index, follow, max-snippet:-1, max-image-preview:large, max-video-preview:-1\" \/>\n<link rel=\"canonical\" href=\"https:\/\/wordpro.eu\/de\/impressum\/\" \/>\n<meta property=\"og:locale\" content=\"pl_PL\" \/>\n<meta property=\"og:type\" content=\"article\" \/>\n<meta property=\"og:title\" content=\"Impressum - Wordpro Ewa Bembnista\" \/>\n<meta property=\"og:description\" content=\"Angaben nach \u00a75 Telemediengesetz und \u00a72 Dienstleistungs-Informationspflichten-Verordnung:Ewa Bembnistavom Pr\u00e4sidenten des Landgerichts M\u00fcnchen I \u00f6ffentlich bestellte und allgemein beeidigte \u00dcbersetzerin f\u00fcr die polnische SpracheKapellenstr. 2582008 UnterhachingE-Mail: info@wordpro.euTel. +49 1577 7453603 Umsatzsteuer-Identifikationsnummer:DE299810327\" \/>\n<meta property=\"og:url\" content=\"https:\/\/wordpro.eu\/de\/impressum\/\" \/>\n<meta property=\"og:site_name\" content=\"Wordpro Ewa Bembnista\" \/>\n<meta property=\"article:publisher\" content=\"https:\/\/www.facebook.com\/tlumacz.monachium\" \/>\n<meta name=\"twitter:card\" content=\"summary_large_image\" \/>\n<meta name=\"twitter:label1\" content=\"Szacowany czas czytania\" \/>\n\t<meta name=\"twitter:data1\" content=\"1 minuta\" \/>\n<script type=\"application\/ld+json\" class=\"yoast-schema-graph\">{\"@context\":\"https:\/\/schema.org\",\"@graph\":[{\"@type\":\"WebPage\",\"@id\":\"https:\/\/wordpro.eu\/de\/impressum\/\",\"url\":\"https:\/\/wordpro.eu\/de\/impressum\/\",\"name\":\"Impressum - Wordpro Ewa Bembnista\",\"isPartOf\":{\"@id\":\"https:\/\/wordpro.eu\/de\/#website\"},\"datePublished\":\"2026-04-16T19:55:03+00:00\",\"dateModified\":\"2026-04-16T19:55:03+00:00\",\"breadcrumb\":{\"@id\":\"https:\/\/wordpro.eu\/de\/impressum\/#breadcrumb\"},\"inLanguage\":\"pl-PL\",\"potentialAction\":[{\"@type\":\"ReadAction\",\"target\":[\"https:\/\/wordpro.eu\/de\/impressum\/\"]}]},{\"@type\":\"BreadcrumbList\",\"@id\":\"https:\/\/wordpro.eu\/de\/impressum\/#breadcrumb\",\"itemListElement\":[{\"@type\":\"ListItem\",\"position\":1,\"name\":\"Strona g\u0142\u00f3wna\",\"item\":\"https:\/\/wordpro.eu\/de\/\"},{\"@type\":\"ListItem\",\"position\":2,\"name\":\"Impressum\"}]},{\"@type\":\"WebSite\",\"@id\":\"https:\/\/wordpro.eu\/de\/#website\",\"url\":\"https:\/\/wordpro.eu\/de\/\",\"name\":\"Wordpro Ewa Bembnista\",\"description\":\"Vereidigte \u00dcbersetzerin und Dolmetscherin - M\u00fcnchen\",\"publisher\":{\"@id\":\"https:\/\/wordpro.eu\/de\/#organization\"},\"potentialAction\":[{\"@type\":\"SearchAction\",\"target\":{\"@type\":\"EntryPoint\",\"urlTemplate\":\"https:\/\/wordpro.eu\/de\/?s={search_term_string}\"},\"query-input\":\"required name=search_term_string\"}],\"inLanguage\":\"pl-PL\"},{\"@type\":\"Organization\",\"@id\":\"https:\/\/wordpro.eu\/de\/#organization\",\"name\":\"Wordpro Ewa Bembnista\",\"url\":\"https:\/\/wordpro.eu\/de\/\",\"logo\":{\"@type\":\"ImageObject\",\"inLanguage\":\"pl-PL\",\"@id\":\"https:\/\/wordpro.eu\/de\/#\/schema\/logo\/image\/\",\"url\":\"https:\/\/wordpro.eu\/de\/wp-content\/uploads\/2023\/11\/logo.png\",\"contentUrl\":\"https:\/\/wordpro.eu\/de\/wp-content\/uploads\/2023\/11\/logo.png\",\"width\":66,\"height\":66,\"caption\":\"Wordpro Ewa Bembnista\"},\"image\":{\"@id\":\"https:\/\/wordpro.eu\/de\/#\/schema\/logo\/image\/\"},\"sameAs\":[\"https:\/\/www.facebook.com\/tlumacz.monachium\"]}]}<\/script>\n<!-- \/ Yoast SEO plugin. -->","yoast_head_json":{"title":"Impressum - Wordpro Ewa Bembnista","robots":{"index":"index","follow":"follow","max-snippet":"max-snippet:-1","max-image-preview":"max-image-preview:large","max-video-preview":"max-video-preview:-1"},"canonical":"https:\/\/wordpro.eu\/de\/impressum\/","og_locale":"pl_PL","og_type":"article","og_title":"Impressum - Wordpro Ewa Bembnista","og_description":"Angaben nach \u00a75 Telemediengesetz und \u00a72 Dienstleistungs-Informationspflichten-Verordnung:Ewa Bembnistavom Pr\u00e4sidenten des Landgerichts M\u00fcnchen I \u00f6ffentlich bestellte und allgemein beeidigte \u00dcbersetzerin f\u00fcr die polnische SpracheKapellenstr. 2582008 UnterhachingE-Mail: info@wordpro.euTel. +49 1577 7453603 Umsatzsteuer-Identifikationsnummer:DE299810327","og_url":"https:\/\/wordpro.eu\/de\/impressum\/","og_site_name":"Wordpro Ewa Bembnista","article_publisher":"https:\/\/www.facebook.com\/tlumacz.monachium","twitter_card":"summary_large_image","twitter_misc":{"Szacowany czas czytania":"1 minuta"},"schema":{"@context":"https:\/\/schema.org","@graph":[{"@type":"WebPage","@id":"https:\/\/wordpro.eu\/de\/impressum\/","url":"https:\/\/wordpro.eu\/de\/impressum\/","name":"Impressum - Wordpro Ewa Bembnista","isPartOf":{"@id":"https:\/\/wordpro.eu\/de\/#website"},"datePublished":"2026-04-16T19:55:03+00:00","dateModified":"2026-04-16T19:55:03+00:00","breadcrumb":{"@id":"https:\/\/wordpro.eu\/de\/impressum\/#breadcrumb"},"inLanguage":"pl-PL","potentialAction":[{"@type":"ReadAction","target":["https:\/\/wordpro.eu\/de\/impressum\/"]}]},{"@type":"BreadcrumbList","@id":"https:\/\/wordpro.eu\/de\/impressum\/#breadcrumb","itemListElement":[{"@type":"ListItem","position":1,"name":"Strona g\u0142\u00f3wna","item":"https:\/\/wordpro.eu\/de\/"},{"@type":"ListItem","position":2,"name":"Impressum"}]},{"@type":"WebSite","@id":"https:\/\/wordpro.eu\/de\/#website","url":"https:\/\/wordpro.eu\/de\/","name":"Wordpro Ewa Bembnista","description":"Vereidigte \u00dcbersetzerin und Dolmetscherin - M\u00fcnchen","publisher":{"@id":"https:\/\/wordpro.eu\/de\/#organization"},"potentialAction":[{"@type":"SearchAction","target":{"@type":"EntryPoint","urlTemplate":"https:\/\/wordpro.eu\/de\/?s={search_term_string}"},"query-input":"required name=search_term_string"}],"inLanguage":"pl-PL"},{"@type":"Organization","@id":"https:\/\/wordpro.eu\/de\/#organization","name":"Wordpro Ewa Bembnista","url":"https:\/\/wordpro.eu\/de\/","logo":{"@type":"ImageObject","inLanguage":"pl-PL","@id":"https:\/\/wordpro.eu\/de\/#\/schema\/logo\/image\/","url":"https:\/\/wordpro.eu\/de\/wp-content\/uploads\/2023\/11\/logo.png","contentUrl":"https:\/\/wordpro.eu\/de\/wp-content\/uploads\/2023\/11\/logo.png","width":66,"height":66,"caption":"Wordpro Ewa Bembnista"},"image":{"@id":"https:\/\/wordpro.eu\/de\/#\/schema\/logo\/image\/"},"sameAs":["https:\/\/www.facebook.com\/tlumacz.monachium"]}]}},"_links":{"self":[{"href":"https:\/\/wordpro.eu\/de\/wp-json\/wp\/v2\/pages\/217","targetHints":{"allow":["GET"]}}],"collection":[{"href":"https:\/\/wordpro.eu\/de\/wp-json\/wp\/v2\/pages"}],"about":[{"href":"https:\/\/wordpro.eu\/de\/wp-json\/wp\/v2\/types\/page"}],"author":[{"embeddable":true,"href":"https:\/\/wordpro.eu\/de\/wp-json\/wp\/v2\/users\/1"}],"replies":[{"embeddable":true,"href":"https:\/\/wordpro.eu\/de\/wp-json\/wp\/v2\/comments?post=217"}],"version-history":[{"count":1,"href":"https:\/\/wordpro.eu\/de\/wp-json\/wp\/v2\/pages\/217\/revisions"}],"predecessor-version":[{"id":218,"href":"https:\/\/wordpro.eu\/de\/wp-json\/wp\/v2\/pages\/217\/revisions\/218"}],"wp:attachment":[{"href":"https:\/\/wordpro.eu\/de\/wp-json\/wp\/v2\/media?parent=217"}],"curies":[{"name":"wp","href":"https:\/\/api.w.org\/{rel}","templated":true}]}}